{"id":6639,"date":"2025-06-05T08:00:49","date_gmt":"2025-06-05T08:00:49","guid":{"rendered":"https:\/\/www.wygroup.net\/?page_id=6639"},"modified":"2025-06-05T08:17:18","modified_gmt":"2025-06-05T08:17:18","slug":"wynova","status":"publish","type":"page","link":"https:\/\/www.wygroup.net\/pt-pt\/crafts-os-nossos-servicos\/wynova\/","title":{"rendered":"WYnova"},"content":{"rendered":"\n\t<main class=\"main  main--internal main--wynova\">\n\t\t\n\t\t\n\t\t<div class=\"wrapper\">\n\n\t\t\t\t\t\t\t<h1>WYnova<\/h1>\n\t\t\t\t\t\t\n\t\t<\/div>\n\n\t\t<a class=\"main__scroll\" href=\"#services\" title=\"V\u00ea todos os nossos servi\u00e7os\"><\/a>\n\n\t<\/main>\n\t\n\t\n\n\n<section class=\"wp-block-group section section__about\"><div class=\"wp-block-group__inner-container is-layout-flow wp-block-group-is-layout-flow\"><div class=\"wp-block-image\">\n<figure class=\"aligncenter size-full is-resized\"><img data-dominant-color=\"787c5c\" data-has-transparency=\"true\" loading=\"lazy\" decoding=\"async\" width=\"356\" height=\"104\" src=\"https:\/\/www.wygroup.net\/wp-content\/uploads\/2025\/06\/WYnova.png\" alt=\"\" class=\"has-transparency wp-image-6642\" style=\"--dominant-color: #787c5c; width:248px;height:auto\" srcset=\"https:\/\/www.wygroup.net\/wp-content\/uploads\/2025\/06\/WYnova.png 356w, https:\/\/www.wygroup.net\/wp-content\/uploads\/2025\/06\/WYnova-300x88.png 300w\" sizes=\"auto, (max-width: 356px) 100vw, 356px\" \/><\/figure>\n<\/div>\n\n\n<p><\/p>\n\n\n\n<h2 class=\"wp-block-heading section__title section__title--left\" id=\"we-are-creative-but-data-comes-first-pleased-to-meet-you\"><br>Intelig\u00eancia Artificial ao servi\u00e7o do seu neg\u00f3cio.<\/h2>\n\n\n\n<p class=\"section__copy\">A WYnova \u00e9 o laborat\u00f3rio de inova\u00e7\u00e3o em IA do WYgroup, onde a tecnologia de ponta encontra as reais necessidades das empresas.<\/p>\n\n\n\n<p class=\"section__copy\">Desenhamos, desenvolvemos e integramos sistemas inteligentes que autotomizam opera\u00e7\u00f5es, otimizam a performance e aceleram a tomada de decis\u00f5es.<\/p>\n\n\n\n<p class=\"section__copy\">De ferramentas de IA personalizadas a integra\u00e7\u00f5es completas e fluidas, o nosso trabalho \u00e9 r\u00e1pido, pr\u00e1tico e totalmente alinhado com os seus objetivos de neg\u00f3cio.<\/p>\n\n\n\n<p class=\"section__copy\">Apoiamos a sua empresa na simplifica\u00e7\u00e3o de processos, elimina\u00e7\u00e3o de tarefas repetitivas e na cria\u00e7\u00e3o de um crescimento de neg\u00f3cio sustent\u00e1vel.<\/p>\n\n\n\n<p class=\"section__copy\">A WYnova \u00e9 o seu parceiro na revolu\u00e7\u00e3o da IA.<\/p>\n\n\n\n<p class=\"section__copy\"><a href=\"https:\/\/www.wynova.io\/\" data-type=\"link\" data-id=\"http:\/\/www.blissapplications.com\/\" target=\"_blank\" rel=\"noopener\"><strong><mark style=\"background-color:rgba(0, 0, 0, 0)\" class=\"has-inline-color has-luminous-vivid-amber-color\">VISITE O NOSSO WEBSITE<\/mark><\/strong><\/a><\/p>\n<\/div><\/section>\n\n\n\n<h2 class=\"wp-block-heading section__title section__title--left\" id=\"our-story\">O nosso Expertise<\/h2>\n\n\n\n<ul class=\"wp-block-list section__copy list_style_inside\">\n<li>Estrat\u00e9gia com IA<\/li>\n\n\n\n<li>Sistemas de IA personalizados<\/li>\n\n\n\n<li>Automa\u00e7\u00e3o Inteligente de Jornada<\/li>\n<\/ul>\n\n\n\n<p class=\"section__copy\"><br><\/p>\n","protected":false},"excerpt":{"rendered":"<p>A WYnova \u00e9 um laborat\u00f3rio de inova\u00e7\u00e3o em IA que transforma desafios empresariais em solu\u00e7\u00f5es inteligentes, combinando estrat\u00e9gia, tecnologia e execu\u00e7\u00e3o para impulsionar um crescimento estrat\u00e9gico<\/p>\n","protected":false},"author":45,"featured_media":0,"parent":1153,"menu_order":0,"comment_status":"closed","ping_status":"closed","template":"","meta":{"inline_featured_image":false,"footnotes":""},"class_list":["post-6639","page","type-page","status-publish","hentry"],"_links":{"self":[{"href":"https:\/\/www.wygroup.net\/pt-pt\/wp-json\/wp\/v2\/pages\/6639","targetHints":{"allow":["GET"]}}],"collection":[{"href":"https:\/\/www.wygroup.net\/pt-pt\/wp-json\/wp\/v2\/pages"}],"about":[{"href":"https:\/\/www.wygroup.net\/pt-pt\/wp-json\/wp\/v2\/types\/page"}],"author":[{"embeddable":true,"href":"https:\/\/www.wygroup.net\/pt-pt\/wp-json\/wp\/v2\/users\/45"}],"replies":[{"embeddable":true,"href":"https:\/\/www.wygroup.net\/pt-pt\/wp-json\/wp\/v2\/comments?post=6639"}],"version-history":[{"count":4,"href":"https:\/\/www.wygroup.net\/pt-pt\/wp-json\/wp\/v2\/pages\/6639\/revisions"}],"predecessor-version":[{"id":7079,"href":"https:\/\/www.wygroup.net\/pt-pt\/wp-json\/wp\/v2\/pages\/6639\/revisions\/7079"}],"up":[{"embeddable":true,"href":"https:\/\/www.wygroup.net\/pt-pt\/wp-json\/wp\/v2\/pages\/1153"}],"wp:attachment":[{"href":"https:\/\/www.wygroup.net\/pt-pt\/wp-json\/wp\/v2\/media?parent=6639"}],"curies":[{"name":"wp","href":"https:\/\/api.w.org\/{rel}","templated":true}]}}