{"id":4803,"date":"2021-12-20T16:42:46","date_gmt":"2021-12-20T16:42:46","guid":{"rendered":"https:\/\/www.wygroup.net\/?page_id=4803"},"modified":"2024-04-08T10:22:55","modified_gmt":"2024-04-08T10:22:55","slug":"portefolio","status":"publish","type":"page","link":"https:\/\/www.wygroup.net\/pt-pt\/portefolio\/","title":{"rendered":"Portef\u00f3lio"},"content":{"rendered":"\n\t<main class=\"main  main--internal main--portefolio\">\n\t\t\n\t\t\n\t\t<div class=\"wrapper\">\n\n\t\t\t\t\t\t\t<h1>Portef\u00f3lio<\/h1>\n\t\t\t\t\t\t\n\t\t<\/div>\n\n\t\t<a class=\"main__scroll\" href=\"#services\" title=\"V\u00ea todos os nossos servi\u00e7os\"><\/a>\n\n\t<\/main>\n\t\n\t\n\n\n\t<section class=\"portfolio section\">\n\t\t<h2 class=\"section__title section__title--full\">\n\t\t\tEspreita aqui alguns dos <strong>nossos trabalhos<\/strong>!\t\t<\/h2>\n\n\t\t\n\t\t\t\t\t<div class=\"cases wrapper\">\n\t\t\t\t<div class=\"cases__card\">\n\t<div class=\"cases__card--front\">\n\t\t<span class=\"cases__overlay\"><\/span>\n\t\t<img decoding=\"async\" loading=\"lazy\" class=\"cases__bg\" src=\"\" alt=\"\" \/>\n\t\t<h3 class=\"cases__client\"><\/h3>\n\t\t<figure class=\"cases__logo\">\n\t\t\t<img decoding=\"async\" src=\"\" alt=\"\" \/>\n\t\t<\/figure>\n\t\t<p class=\"cases__name\"><\/p>\n\t\t<a class=\"cases__open cases__open--center\" href=\"https:\/\/www.wygroup.net\/pt-pt\/portfolio\/worten\/\" aria-label=\"Open case\"><\/a>\n\t<\/div>\n<\/div><div class=\"cases__card\">\n\t<div class=\"cases__card--front\">\n\t\t<span class=\"cases__overlay\"><\/span>\n\t\t<img decoding=\"async\" loading=\"lazy\" class=\"cases__bg\" src=\"https:\/\/www.wygroup.net\/wp-content\/uploads\/2025\/04\/mymeo_website3-1.png\" alt=\"\" \/>\n\t\t<h3 class=\"cases__client\">MEO<\/h3>\n\t\t<figure class=\"cases__logo\">\n\t\t\t<img decoding=\"async\" src=\"https:\/\/www.wygroup.net\/wp-content\/uploads\/2025\/04\/MEO_capa-removebg-preview.png\" alt=\"\" \/>\n\t\t<\/figure>\n\t\t<p class=\"cases__name\">Um novo mundo com o my MEO 3.0<\/p>\n\t\t<a class=\"cases__open cases__open--center\" href=\"https:\/\/www.wygroup.net\/pt-pt\/portfolio\/um-novo-mundo-com-o-my-meo-3-0\/\" aria-label=\"Open case\"><\/a>\n\t<\/div>\n<\/div><div class=\"cases__card\">\n\t<div class=\"cases__card--front\">\n\t\t<span class=\"cases__overlay\"><\/span>\n\t\t<img decoding=\"async\" loading=\"lazy\" class=\"cases__bg\" src=\"https:\/\/www.wygroup.net\/wp-content\/uploads\/2024\/10\/BannerOriginal-jpg.webp\" alt=\"\" \/>\n\t\t<h3 class=\"cases__client\">Moche no MEO SW <\/h3>\n\t\t<figure class=\"cases__logo\">\n\t\t\t<img decoding=\"async\" src=\"https:\/\/www.wygroup.net\/wp-content\/uploads\/2024\/07\/moche-2.png\" alt=\"\" \/>\n\t\t<\/figure>\n\t\t<p class=\"cases__name\">Retrospetiva da NERVO no MEO SW<\/p>\n\t\t<a class=\"cases__open cases__open--center\" href=\"https:\/\/www.wygroup.net\/pt-pt\/portfolio\/moche-no-meo-sw-2\/\" aria-label=\"Open case\"><\/a>\n\t<\/div>\n<\/div><div class=\"cases__card\">\n\t<div class=\"cases__card--front\">\n\t\t<span class=\"cases__overlay\"><\/span>\n\t\t<img decoding=\"async\" loading=\"lazy\" class=\"cases__bg\" src=\"https:\/\/www.wygroup.net\/wp-content\/uploads\/2024\/09\/CAPA-100-jpg-e1726650475571.webp\" alt=\"\" \/>\n\t\t<h3 class=\"cases__client\">GREATER Porto<\/h3>\n\t\t<figure class=\"cases__logo\">\n\t\t\t<img decoding=\"async\" src=\"https:\/\/www.wygroup.net\/wp-content\/uploads\/2024\/09\/GreaterPorto_Logo_VH_RGB_Negativo-removebg-preview.png\" alt=\"\" \/>\n\t\t<\/figure>\n\t\t<p class=\"cases__name\">Tr\u00eas munic\u00edpios, uma regi\u00e3o para o Futuro.<\/p>\n\t\t<a class=\"cases__open cases__open--center\" href=\"https:\/\/www.wygroup.net\/pt-pt\/portfolio\/tres-municipios-uma-regiao-para-o-futuro-2\/\" aria-label=\"Open case\"><\/a>\n\t<\/div>\n<\/div><div class=\"cases__card\">\n\t<div class=\"cases__card--front\">\n\t\t<span class=\"cases__overlay\"><\/span>\n\t\t<img decoding=\"async\" loading=\"lazy\" class=\"cases__bg\" src=\"https:\/\/www.wygroup.net\/wp-content\/uploads\/2024\/07\/FINAL_disclaimer-1.png\" alt=\"\" \/>\n\t\t<h3 class=\"cases__client\">McDonald\u2019s Portugal<\/h3>\n\t\t<figure class=\"cases__logo\">\n\t\t\t<img decoding=\"async\" src=\"https:\/\/www.wygroup.net\/wp-content\/uploads\/2024\/07\/McD_Wordmark\u252c_wht_RGB.png\" alt=\"\" \/>\n\t\t<\/figure>\n\t\t<p class=\"cases__name\">We\u2019re lovin\u2019 it: a construir um sistema de design impec\u00e1vel<\/p>\n\t\t<a class=\"cases__open cases__open--center\" href=\"https:\/\/www.wygroup.net\/pt-pt\/portfolio\/fixo-3\/\" aria-label=\"Open case\"><\/a>\n\t<\/div>\n<\/div><div class=\"cases__card\">\n\t<div class=\"cases__card--front\">\n\t\t<span class=\"cases__overlay\"><\/span>\n\t\t<img decoding=\"async\" loading=\"lazy\" class=\"cases__bg\" src=\"https:\/\/www.wygroup.net\/wp-content\/uploads\/2023\/08\/Hero-section_Case-study-2.png\" alt=\"\" \/>\n\t\t<h3 class=\"cases__client\">Fixo<\/h3>\n\t\t<figure class=\"cases__logo\">\n\t\t\t<img decoding=\"async\" src=\"https:\/\/www.wygroup.net\/wp-content\/uploads\/2023\/08\/logo-fixo-white.svg\" alt=\"\" \/>\n\t\t<\/figure>\n\t\t<p class=\"cases__name\">Uma plataforma \u00fanica de servi\u00e7os on-demand<\/p>\n\t\t<a class=\"cases__open cases__open--center\" href=\"https:\/\/www.wygroup.net\/pt-pt\/portfolio\/fixo-4\/\" aria-label=\"Open case\"><\/a>\n\t<\/div>\n<\/div><div class=\"cases__card\">\n\t<div class=\"cases__card--front\">\n\t\t<span class=\"cases__overlay\"><\/span>\n\t\t<img decoding=\"async\" loading=\"lazy\" class=\"cases__bg\" src=\"https:\/\/www.wygroup.net\/wp-content\/uploads\/2023\/11\/Header-Banner_vwds-1.png\" alt=\"\" \/>\n\t\t<h3 class=\"cases__client\">VW Group Digital Solutions<\/h3>\n\t\t<figure class=\"cases__logo\">\n\t\t\t<img decoding=\"async\" src=\"https:\/\/www.wygroup.net\/wp-content\/uploads\/2024\/03\/VolkswagenGroup_DigitalSolutions_RGB_Portugal_Right_White.png\" alt=\"\" \/>\n\t\t<\/figure>\n\t\t<p class=\"cases__name\">O que \u00e9 melhor que um trabalho de sonho? F\u00e9rias!<\/p>\n\t\t<a class=\"cases__open cases__open--center\" href=\"https:\/\/www.wygroup.net\/pt-pt\/portfolio\/volkswagen-digital-solutions-portefolio-wygroup\/\" aria-label=\"Open case\"><\/a>\n\t<\/div>\n<\/div><div class=\"cases__card\">\n\t<div class=\"cases__card--front\">\n\t\t<span class=\"cases__overlay\"><\/span>\n\t\t<img decoding=\"async\" loading=\"lazy\" class=\"cases__bg\" src=\"https:\/\/www.wygroup.net\/wp-content\/uploads\/2024\/03\/ok-vistorias-header2x.png\" alt=\"\" \/>\n\t\t<h3 class=\"cases__client\">ok! seguros<\/h3>\n\t\t<figure class=\"cases__logo\">\n\t\t\t<img decoding=\"async\" src=\"https:\/\/www.wygroup.net\/wp-content\/uploads\/2023\/11\/LOGO-Hero-ok.svg\" alt=\"\" \/>\n\t\t<\/figure>\n\t\t<p class=\"cases__name\">Transformar a seguran\u00e7a com AR<\/p>\n\t\t<a class=\"cases__open cases__open--center\" href=\"https:\/\/www.wygroup.net\/pt-pt\/portfolio\/autodigital-portefolio-wygroup\/\" aria-label=\"Open case\"><\/a>\n\t<\/div>\n<\/div><div class=\"cases__card\">\n\t<div class=\"cases__card--front\">\n\t\t<span class=\"cases__overlay\"><\/span>\n\t\t<img decoding=\"async\" loading=\"lazy\" class=\"cases__bg\" src=\"https:\/\/www.wygroup.net\/wp-content\/uploads\/2023\/12\/okseguros_wycreative_wygroup_hero2x_.png\" alt=\"\" \/>\n\t\t<h3 class=\"cases__client\">ok! seguros<\/h3>\n\t\t<figure class=\"cases__logo\">\n\t\t\t<img decoding=\"async\" src=\"https:\/\/www.wygroup.net\/wp-content\/uploads\/2023\/11\/LOGO-Hero-ok.svg\" alt=\"\" \/>\n\t\t<\/figure>\n\t\t<p class=\"cases__name\">Repensar uma marca para o mundo digital? Claro que dissemos ok!<\/p>\n\t\t<a class=\"cases__open cases__open--center\" href=\"https:\/\/www.wygroup.net\/pt-pt\/portfolio\/ok-seguros-portefolio-wygroup\/\" aria-label=\"Open case\"><\/a>\n\t<\/div>\n<\/div>\t\t\t<\/div>\n\t\t\t\n\t<\/section>\n\n\t\n\n\n\t<section class=\"clear clients section\">\n\t\t<h2 class=\"section__title section__title--full clients__title\">\n\t\t\tClientes que <strong>confiam<\/strong> em n\u00f3s\t\t<\/h2>\n\t\t<div class=\"clients__content\">\n\t\t\t\n\n\t\t\t\n\t\t\t\t\t\t\t<div class=\"clients__rows\">\n\t\t\t\t\t<ul class=\"clients__list clients__list--reverse\">\n\t\t\t\t\t\t<li class=\"clients__logo\">\n\t<img decoding=\"async\" src=\"https:\/\/www.wygroup.net\/wp-content\/uploads\/2024\/01\/abbott-1.svg\" alt=\"Abbott\" \/>\n<\/li><li class=\"clients__logo\">\n\t<img decoding=\"async\" src=\"https:\/\/www.wygroup.net\/wp-content\/uploads\/2024\/01\/altice-1.svg\" alt=\"Altice\" \/>\n<\/li><li class=\"clients__logo\">\n\t<img decoding=\"async\" src=\"https:\/\/www.wygroup.net\/wp-content\/uploads\/2024\/01\/bayer-2.svg\" alt=\"Bayer\" \/>\n<\/li><li class=\"clients__logo\">\n\t<img decoding=\"async\" src=\"https:\/\/www.wygroup.net\/wp-content\/uploads\/2024\/01\/bp-1.svg\" alt=\"BP\" \/>\n<\/li><li class=\"clients__logo\">\n\t<img decoding=\"async\" src=\"https:\/\/www.wygroup.net\/wp-content\/uploads\/2024\/01\/CocaCola-1.svg\" alt=\"Coca Cola\" \/>\n<\/li><li class=\"clients__logo\">\n\t<img decoding=\"async\" src=\"https:\/\/www.wygroup.net\/wp-content\/uploads\/2024\/01\/CreditoAgricola-2.svg\" alt=\"Cr\u00e9dito Agr\u00edcola\" \/>\n<\/li><li class=\"clients__logo\">\n\t<img decoding=\"async\" src=\"https:\/\/www.wygroup.net\/wp-content\/uploads\/2024\/01\/DelMonte-1.svg\" alt=\"Del Monte\" \/>\n<\/li><li class=\"clients__logo\">\n\t<img decoding=\"async\" src=\"https:\/\/www.wygroup.net\/wp-content\/uploads\/2024\/01\/DeltaCafes-1.svg\" alt=\"Delta\" \/>\n<\/li><li class=\"clients__logo\">\n\t<img decoding=\"async\" src=\"https:\/\/www.wygroup.net\/wp-content\/uploads\/2024\/01\/edp-1.svg\" alt=\"EDP\" \/>\n<\/li>\t\t\t\t\t<\/ul>\n\t\t\t\t\t<ul class=\"clients__list clients__list--middle\">\n\t\t\t\t\t\t<li class=\"clients__logo\">\n\t<img decoding=\"async\" src=\"https:\/\/www.wygroup.net\/wp-content\/uploads\/2024\/01\/elsevier-1.svg\" alt=\"Elsevier\" \/>\n<\/li><li class=\"clients__logo\">\n\t<img decoding=\"async\" src=\"https:\/\/www.wygroup.net\/wp-content\/uploads\/2024\/01\/Fidelidade-1.svg\" alt=\"Fidelidade\" \/>\n<\/li><li class=\"clients__logo\">\n\t<img decoding=\"async\" src=\"https:\/\/www.wygroup.net\/wp-content\/uploads\/2024\/01\/galp.svg\" alt=\"Galp\" \/>\n<\/li><li class=\"clients__logo\">\n\t<img decoding=\"async\" src=\"https:\/\/www.wygroup.net\/wp-content\/uploads\/2024\/01\/GlobalShares-1.svg\" alt=\"Global Shares\" \/>\n<\/li><li class=\"clients__logo\">\n\t<img decoding=\"async\" src=\"https:\/\/www.wygroup.net\/wp-content\/uploads\/2024\/01\/letterone.svg\" alt=\"LetterOne\" \/>\n<\/li><li class=\"clients__logo\">\n\t<img decoding=\"async\" src=\"https:\/\/www.wygroup.net\/wp-content\/uploads\/2024\/01\/metlife-1.svg\" alt=\"MetLife\" \/>\n<\/li><li class=\"clients__logo\">\n\t<img decoding=\"async\" src=\"https:\/\/www.wygroup.net\/wp-content\/uploads\/2024\/01\/Millenium.svg\" alt=\"Millennium BCP\" \/>\n<\/li><li class=\"clients__logo\">\n\t<img decoding=\"async\" src=\"https:\/\/www.wygroup.net\/wp-content\/uploads\/2024\/01\/moey-1.svg\" alt=\"Moey\" \/>\n<\/li><li class=\"clients__logo\">\n\t<img decoding=\"async\" src=\"https:\/\/www.wygroup.net\/wp-content\/uploads\/2024\/01\/msd-1.svg\" alt=\"MSD\" \/>\n<\/li>\t\t\t\t\t<\/ul>\n\t\t\t\t\t<ul class=\"clients__list clients__list--reverse\">\n\t\t\t\t\t\t<li class=\"clients__logo\">\n\t<img decoding=\"async\" src=\"https:\/\/www.wygroup.net\/wp-content\/uploads\/2024\/01\/OkSeguros.svg\" alt=\"OK Seguros\" \/>\n<\/li><li class=\"clients__logo\">\n\t<img decoding=\"async\" src=\"https:\/\/www.wygroup.net\/wp-content\/uploads\/2024\/01\/ola-1.svg\" alt=\"Ola\" \/>\n<\/li><li class=\"clients__logo\">\n\t<img decoding=\"async\" src=\"https:\/\/www.wygroup.net\/wp-content\/uploads\/2024\/01\/QNB-1.svg\" alt=\"QNB\" \/>\n<\/li><li class=\"clients__logo\">\n\t<img decoding=\"async\" src=\"https:\/\/www.wygroup.net\/wp-content\/uploads\/2024\/01\/sacoor.svg\" alt=\"Sacoor\" \/>\n<\/li><li class=\"clients__logo\">\n\t<img decoding=\"async\" src=\"https:\/\/www.wygroup.net\/wp-content\/uploads\/2024\/01\/sanofi-1.svg\" alt=\"Sanofi\" \/>\n<\/li><li class=\"clients__logo\">\n\t<img decoding=\"async\" src=\"https:\/\/www.wygroup.net\/wp-content\/uploads\/2024\/01\/santander-1.svg\" alt=\"Santander\" \/>\n<\/li><li class=\"clients__logo\">\n\t<img decoding=\"async\" src=\"https:\/\/www.wygroup.net\/wp-content\/uploads\/2024\/01\/sibs.svg\" alt=\"SIBS\" \/>\n<\/li><li class=\"clients__logo\">\n\t<img decoding=\"async\" src=\"https:\/\/www.wygroup.net\/wp-content\/uploads\/2024\/01\/unilever-1.svg\" alt=\"Unilever\" \/>\n<\/li><li class=\"clients__logo\">\n\t<img decoding=\"async\" src=\"https:\/\/www.wygroup.net\/wp-content\/uploads\/2024\/01\/VWDS-1.svg\" alt=\"Volkswagen Digital Solutions\" \/>\n<\/li>\t\t\t\t\t<\/ul>\n\t\t\t\t<\/div>\n\t\t\t\t<a\n\t\t\t\t\thref=\"https:\/\/www.wygroup.net\/contacts\/\"\n\t\t\t\t\tclass=\"button clients__button button--primary\"\n\t\t\t\t\ttitle=\"Fala connosco\"\n\t\t\t\t>Fala connosco <i class=\"fas fa-paper-plane\"><\/i\n\t\t\t\t><\/a>\n\t\t\t\t\t\n\t\t<\/div>\n\t\t\t\n\t\t\n\n\t<\/section>\n\n    \n\n\n<p><\/p>\n","protected":false},"excerpt":{"rendered":"","protected":false},"author":1,"featured_media":0,"parent":0,"menu_order":0,"comment_status":"closed","ping_status":"closed","template":"","meta":{"inline_featured_image":false,"footnotes":""},"class_list":["post-4803","page","type-page","status-publish","hentry"],"_links":{"self":[{"href":"https:\/\/www.wygroup.net\/pt-pt\/wp-json\/wp\/v2\/pages\/4803","targetHints":{"allow":["GET"]}}],"collection":[{"href":"https:\/\/www.wygroup.net\/pt-pt\/wp-json\/wp\/v2\/pages"}],"about":[{"href":"https:\/\/www.wygroup.net\/pt-pt\/wp-json\/wp\/v2\/types\/page"}],"author":[{"embeddable":true,"href":"https:\/\/www.wygroup.net\/pt-pt\/wp-json\/wp\/v2\/users\/1"}],"replies":[{"embeddable":true,"href":"https:\/\/www.wygroup.net\/pt-pt\/wp-json\/wp\/v2\/comments?post=4803"}],"version-history":[{"count":4,"href":"https:\/\/www.wygroup.net\/pt-pt\/wp-json\/wp\/v2\/pages\/4803\/revisions"}],"predecessor-version":[{"id":4924,"href":"https:\/\/www.wygroup.net\/pt-pt\/wp-json\/wp\/v2\/pages\/4803\/revisions\/4924"}],"wp:attachment":[{"href":"https:\/\/www.wygroup.net\/pt-pt\/wp-json\/wp\/v2\/media?parent=4803"}],"curies":[{"name":"wp","href":"https:\/\/api.w.org\/{rel}","templated":true}]}}