{"id":3035,"date":"2023-08-18T15:22:51","date_gmt":"2023-08-18T15:22:51","guid":{"rendered":"https:\/\/wygroup.psales.pt\/aviso-de-privacidade-de-rh\/"},"modified":"2023-12-20T10:16:36","modified_gmt":"2023-12-20T10:16:36","slug":"nota-de-privacidade-de-rh","status":"publish","type":"page","link":"https:\/\/www.wygroup.net\/pt-pt\/nota-de-privacidade-de-rh\/","title":{"rendered":"Nota de Privacidade de RH"},"content":{"rendered":"\n\t<main class=\"main  main--internal main--nota-de-privacidade-de-rh\">\n\t\t\n\t\t\n\t\t<div class=\"wrapper\">\n\n\t\t\t\t\t\t\t<h1>Nota de Privacidade de RH<\/h1>\n\t\t\t\t\t\t\n\t\t<\/div>\n\n\t\t<a class=\"main__scroll\" href=\"#services\" title=\"V\u00ea todos os nossos servi\u00e7os\"><\/a>\n\n\t<\/main>\n\t\n\t\n\n\n<p>&nbsp;<\/p>\n\n\n\n<p>&nbsp;<\/p>\n\n\n\n<p class=\"section__copy\"><em>(data de cria\u00e7\u00e3o: 16.05.2023)<\/em><\/p>\n\n\n\n<p class=\"section__copy\">Esta Nota de Privacidade de RH foi criado pela W.Y., S.A. (doravante designado por &#8220;WYgroup&#8221;, &#8220;n\u00f3s&#8221; e &#8220;nosso&#8221;) para te informar sobre a forma como tratamos os teus dados pessoais no que diz respeito \u00e0s atividades dos Recursos Humanos (RH) e devem ser lidas em conjunto com a nossa Nota de Privacidade.<br><\/p>\n\n\n\n<p>&nbsp;<\/p>\n\n\n\n<h2 class=\"wp-block-heading section__title section__title--left\"><strong>Respons\u00e1vel pelo Tratamento de Dados<\/strong><\/h2>\n\n\n\n<p class=\"section__copy\">O WYgroup \u00e9 o Respons\u00e1vel pelo Tratamento de Dados da tua informa\u00e7\u00e3o pessoal.<\/p>\n\n\n\n<p class=\"section__copy\">O WYgroup gere as suas pr\u00f3prias opera\u00e7\u00f5es de RH e das suas subsidi\u00e1rias (veja em <a href=\"http:\/\/www.wygroup.net\" target=\"_blank\" rel=\"noreferrer noopener\">www.wygroup.net<\/a>), incluindo o processamento de informa\u00e7\u00f5es pessoais sobre funcion\u00e1rios e candidatos a vagas de empregos.<\/p>\n\n\n\n<p class=\"section__copy\">A nossa morada registada \u00e9 Av. Marginal, Edif\u00edcio Parque Oceano, 4\u00ba andar, 2780-322 Oeiras &#8211; Portugal. Estamos registados em Portugal sob o n\u00famero de empresa 508561752. Nome\u00e1mos um Encarregado de Prote\u00e7\u00e3o de Dados, registado na autoridade portuguesa de prote\u00e7\u00e3o de dados &#8211; Comiss\u00e3o Nacional de Prote\u00e7\u00e3o de Dados (www.cnpd.pt). Fornecemos detalhes sobre como entrares em contato connosco na parte inferior desta <a href=\"https:\/\/www.wygroup.net\/pt-pt\/nota-de-privacidade-de-rh\/#contactUs\"> Nota de Privacidade de RH<\/a>.<br><br><\/p>\n\n\n\n<h2 class=\"wp-block-heading section__title section__title--left\"><strong>Defini\u00e7\u00f5es<\/strong><\/h2>\n\n\n\n<p class=\"section__copy fontSize25\"><strong>Nesta Nota de Privacidade:<\/strong><\/p>\n\n\n\n<ul class=\"section__copy list_style_inside wp-block-list\">\n<li>\u201cTerceiro\u201d significa algu\u00e9m que n\u00e3o \u00e9s tu, nem n\u00f3s ou faz parte do WYgroup; e<\/li>\n\n\n\n<li>\u201cWYgroup\u201d significa WY, S.A. e qualquer empresa ou outra organiza\u00e7\u00e3o na qual WYgroup detenha 50% ou mais do capital social.<br><br><\/li>\n<\/ul>\n\n\n\n<h2 class=\"wp-block-heading section__title section__title--left\"><strong>Os B\u00e1sicos<\/strong><\/h2>\n\n\n\n<p class=\"section__copy fontSize25\"><strong>Informa\u00e7\u00e3o Pessoal que recolhemos sobre ti<\/strong><\/p>\n\n\n\n<p class=\"section__copy fontSize25\"><strong>O WYgroup ir\u00e1 processar as tuas informa\u00e7\u00f5es pessoais com base em:<\/strong><\/p>\n\n\n\n<ul class=\"section__copy list_style_inside wp-block-list\">\n<li><strong>Interesse comercial leg\u00edtimo do WYgroup<\/strong> &#8211; quando tu te candidatas a uma fun\u00e7\u00e3o no WYgroup, forneces-nos as tuas informa\u00e7\u00f5es pessoais e concordas que podemos usar essas informa\u00e7\u00f5es para avaliar a tua candidatura, avan\u00e7ar com a tua candidatura atrav\u00e9s do processo de recrutamento, tomar uma decis\u00e3o sobre a tua pertin\u00eancia para a fun\u00e7\u00e3o e entrar em contato contigo durante todo o processo de recrutamento;<\/li>\n\n\n\n<li><strong>Necess\u00e1rio para a execu\u00e7\u00e3o de um contrato: <\/strong>Podemos solicitar que forne\u00e7as informa\u00e7\u00f5es pessoais necess\u00e1rias para celebrar um contrato de trabalho ou de outsourcing connosco;<\/li>\n\n\n\n<li><strong>Consentimento Dado <\/strong> &#8211; quando o WYgroup n\u00e3o se basear noutra base legal ou al\u00e9m da confian\u00e7a nos nossos interesses comerciais leg\u00edtimos, poderemos solicitar que forne\u00e7as informa\u00e7\u00f5es voluntariamente, incluindo, por exemplo, a tua data de nascimento e g\u00e9nero. Podes retirar o teu consentimento a qualquer momento enviando um email para dpo@wygroup.net;<\/li>\n\n\n\n<li><strong>Conformidade com a lei<\/strong> &#8211; quando determinadas informa\u00e7\u00f5es s\u00e3o necess\u00e1rias para satisfazer um requisito legal ou regulamentar.<br><br><\/li>\n<\/ul>\n\n\n\n<p class=\"section__copy fontSize25\"><strong>Como recolhemos informa\u00e7\u00e3o pessoal sobre ti<\/strong><\/p>\n\n\n\n<p class=\"section__copy\">Recolhemos informa\u00e7\u00f5es pessoais sobre ti quando tu te registas atrav\u00e9s de uma candidatura espont\u00e2nea, ou te candidatas a uma fun\u00e7\u00e3o espec\u00edfica no WYgroup. Algumas das informa\u00e7\u00f5es que recolhemos sobre ti s\u00e3o necess\u00e1rias para fazer uma avalia\u00e7\u00e3o da tua candidatura ao WYgroup e contactar-te \u00e0 medida que se avan\u00e7a no processo de recrutamento (por exemplo, o teu n\u00famero de telefone, endere\u00e7o de e-mail e CV). Se n\u00e3o nos forneceres essas informa\u00e7\u00f5es, n\u00e3o poderemos avaliar a tua inscri\u00e7\u00e3o ou contatar-te para te convidar para uma entrevista ou fazer uma oferta.<br><br>Poderemos recolher informa\u00e7\u00f5es sobre ti de terceiros (incluindo, entre outros, consultores ou ag\u00eancias de recrutamento e empregadores anteriores) e da Internet onde disponibilizaste essas informa\u00e7\u00f5es publicamente, ou de redes profissionais e de recrutamento na Internet (por exemplo, LinkedIn ou Indeed) e entraremos em contato contigo sobre vagas adequadas.<br><br><\/p>\n\n\n\n<p class=\"section__copy fontSize25\"><strong>Tipo de informa\u00e7\u00e3o que poderemos recolher sobre ti<\/strong><\/p>\n\n\n\n<ul class=\"section__copy list_style_inside wp-block-list\">\n<li><strong>Informa\u00e7\u00e3o Pessoal<\/strong> &#8211; como nome, endere\u00e7o de e-mail pessoal, morada atual, n\u00famero de telefone fixo e m\u00f3vel;<\/li>\n\n\n\n<li><strong>Informa\u00e7\u00e3o de Recrutamento<\/strong> &#8211; tais como formul\u00e1rio de candidatura, CV, curr\u00edculos, notas de entrevista, refer\u00eancias de empregadores anteriores, nacionalidade e estatuto de imigra\u00e7\u00e3o, passaporte e outros dados de identifica\u00e7\u00e3o e imigra\u00e7\u00e3o (quando aplic\u00e1vel), e verifica\u00e7\u00f5es de informa\u00e7\u00f5es sobre antecedentes criminais (quando aplic\u00e1vel);<\/li>\n\n\n\n<li><strong>Informa\u00e7\u00e3o de candidato interno<\/strong> &#8211; como notas de entrevista e transfer\u00eancia interna;<\/li>\n\n\n\n<li><strong>Informa\u00e7\u00e3o de Identifica\u00e7\u00e3o<\/strong> &#8211; como prova de identidade.<\/li>\n<\/ul>\n\n\n\n<p class=\"section__copy\"><strong><br><\/strong>Tamb\u00e9m poderemos recolher e processar informa\u00e7\u00f5es pessoais confidenciais sobre ti, sempre que necess\u00e1rio \u2013 ou quando essas informa\u00e7\u00f5es forem fornecidas voluntariamente (por exemplo, informa\u00e7\u00f5es que nos forneces no teu curr\u00edculo).<br><br><\/p>\n\n\n\n<p class=\"section__copy fontSize25\"><strong>Como usamos informa\u00e7\u00f5es sobre ti<\/strong><\/p>\n\n\n\n<p class=\"section__copy\">Podemos processar as informa\u00e7\u00f5es pessoais que recolhemos sobre ti para os seguintes fins:<\/p>\n\n\n\n<ul class=\"section__copy list_style_inside wp-block-list\">\n<li><strong>Recrutamento<\/strong>&#8211; as informa\u00e7\u00f5es que tu nos forneces ser\u00e3o usadas para avaliar e dar andamento \u00e0 tua candidatura de emprego e para fazer quaisquer verifica\u00e7\u00f5es necess\u00e1rias;<\/li>\n\n\n\n<li><strong>Recursos para empregos<\/strong> se te registares numa candidatura espont\u00e2nea para uma vaga no WYgroup, as informa\u00e7\u00f5es que forneceres ser\u00e3o retidas por n\u00f3s e pesquisadas por pessoas que trabalham no WYgroup para nos ajudar a preencher vagas futuras. Se te candidatares a uma vaga espec\u00edfica e n\u00e3o fores bem-sucedido, as informa\u00e7\u00f5es que nos forneceres ser\u00e3o retidas para que possamos consider\u00e1-las para futuras vagas adequadas \u2013 mas somente quando tivermos recolhido o teu consentimento para o fazer;<\/li>\n\n\n\n<li><strong>Cria\u00e7\u00e3o de um registo de colaborador<\/strong>&#8211; se a tua candidatura for bem-sucedida, as informa\u00e7\u00f5es fornecidas durante o processo de candidatura far\u00e3o parte do teu registo de colaborador e ser\u00e3o utilizadas para administrar o teu emprego e gerir a tua carreira no WYgroup;<\/li>\n\n\n\n<li><strong>An\u00e1lise<\/strong> &#8211; podemos usar algumas das informa\u00e7\u00f5es pessoais que nos forneces para v\u00e1rios fins, incluindo, por exemplo, para relatar as nossas metas de diversidade ou o tipo de candidatos e volumes de candidaturas feitas ao WYgroup e tend\u00eancias relacionadas &#8211; n\u00e3o ser\u00e1s identificado pessoalmente por esses relat\u00f3rios;<\/li>\n\n\n\n<li><strong>Triagem<\/strong> &#8211; em determinadas circunst\u00e2ncias tomaremos uma decis\u00e3o autom\u00e1tica sobre a pertin\u00eancia da tua candidatura com base em determinados crit\u00e9rios. Por exemplo, iremos perguntar se \u00e9s proficiente num idioma espec\u00edfico e se tens um bom desempenho acad\u00e9mico \u2013 informaremos isso sempre que recolhermos informa\u00e7\u00f5es para tomar uma decis\u00e3o autom\u00e1tica sobre ti.<\/li>\n<\/ul>\n\n\n\n<p class=\"section__copy fontSize25\"><strong><br>Com quem partilhamos informa\u00e7\u00f5es sobre ti<\/strong><\/p>\n\n\n\n<p class=\"section__copy\">Podemos partilhar informa\u00e7\u00f5es pessoais sobre ti com:<\/p>\n\n\n\n<ul class=\"section__copy list_style_inside wp-block-list\">\n<li>Empresas do WYgroup, que processar\u00e3o as tuas informa\u00e7\u00f5es pessoais apenas e somente quando tivermos obtido o teu consentimento para o fazer;<\/li>\n\n\n\n<li>Terceiros, como consultores de recrutamento e ag\u00eancias de emprego, prestadores de verifica\u00e7\u00f5es de seguran\u00e7a, prestadores de testes e outros que nos ajudam a preencher vagas e a avaliar a pertin\u00eancia dos candidatos e das candidaturas de progresso. Quando utilizamos terceiros, o WYgroup garante que estes cumprem os mesmos padr\u00f5es de privacidade e seguran\u00e7a que o WYgroup;<\/li>\n\n\n\n<li>Ag\u00eancias de aplica\u00e7\u00e3o da lei, \u00f3rg\u00e3os governamentais, organiza\u00e7\u00f5es reguladoras, tribunais ou outras autoridades p\u00fablicas, se formos obrigados ou autorizados por lei;<\/li>\n\n\n\n<li>Um terceiro ou \u00f3rg\u00e3o onde tal divulga\u00e7\u00e3o seja necess\u00e1ria para satisfazer qualquer lei aplic\u00e1vel ou outro requisito legal ou regulamentar.<br><br><\/li>\n<\/ul>\n\n\n\n<p class=\"section__copy fontSize25\"><strong>Onde processamos informa\u00e7\u00e3o sobre ti<\/strong><\/p>\n\n\n\n<p class=\"section__copy\">Ao fazer o acima exposto, poderemos precisar de transferir informa\u00e7\u00f5es pessoais sobre ti para outras empresas do WYgroup (v\u00ea o site <a href=\"http:\/\/www.wygroup.net\">www.wygroup.net<\/a>) ou terceiros localizados (ou cujos servidores possam estar localizados) em pa\u00edses fora do pa\u00eds onde te inscreveste, incluindo pa\u00edses fora do Espa\u00e7o Econ\u00f3mico Europeu (EEE).<br><br>Se enviarmos informa\u00e7\u00f5es pessoais sobre ti para um pa\u00eds que n\u00e3o faz parte do EEE, garantiremos que haja uma base legal para tal transfer\u00eancia e que as tuas informa\u00e7\u00f5es pessoais sejam adequadamente protegidas conforme exigido pela lei aplic\u00e1vel (por exemplo, usando os acordos padr\u00e3o aprovados pelas autoridades relevantes e exigindo o uso de outras medidas t\u00e9cnicas e organizacionais apropriadas para proteger as tuas informa\u00e7\u00f5es pessoais).<\/p>\n\n\n\n<p class=\"section__copy\">Entre em contato com o nosso Encarregado de Prote\u00e7\u00e3o de Dados em <a href=\"mailto:dpo@wygroup.net\">dpo@wygroup.net<\/a> se quiseres saber mais sobre a forma como cumprimos as nossas obriga\u00e7\u00f5es legais em rela\u00e7\u00e3o \u00e0s transfer\u00eancias internacionais de dados.<br><br><\/p>\n\n\n\n<p class=\"section__copy fontSize25\"><strong>Por quanto tempo mantemos informa\u00e7\u00f5es sobre ti<\/strong><\/p>\n\n\n\n<p class=\"section__copy\">Manteremos as tuas informa\u00e7\u00f5es durante o tempo que for necess\u00e1rio para o processo de recrutamento e de acordo com a nossa Pol\u00edtica de Reten\u00e7\u00e3o de Dados &#8211; uma c\u00f3pia est\u00e1 dispon\u00edvel mediante solicita\u00e7\u00e3o, enviando um email para dpo@wygroup.net.<br><br>Se fores bem sucedido no final de um processo de recrutamento, manteremos as tuas informa\u00e7\u00f5es durante o per\u00edodo do teu emprego, caso queiras candidatar-te a outras fun\u00e7\u00f5es dentro do WYgroup e das suas empresas. Se n\u00e3o formos capazes de te oferecer uma fun\u00e7\u00e3o, manteremos as tuas informa\u00e7\u00f5es por 5 anos para te contatarmos sobre futuras fun\u00e7\u00f5es que te possam interessar, mas somente quando tivermos recolhido o teu consentimento para o fazer \u2013 podes retirar o teu consentimento a qualquer momento, enviando um e-mail para <a href=\"mailto:dpo@wygroup.net\">dpo@wygroup.net<\/a>. A cada 5 anos, enviaremos um alerta por e-mail sobre o t\u00e9rmino do per\u00edodo de reten\u00e7\u00e3o. Se n\u00e3o responderes, os teus dados pessoais ser\u00e3o eliminados.<\/p>\n\n\n\n<p class=\"section__copy\">Anonimizaremos as tuas informa\u00e7\u00f5es de acordo com a nossa pol\u00edtica de reten\u00e7\u00e3o e poderemos reter esses registos anonimizados para monitorizar a efic\u00e1cia do nosso processo de recrutamento. Por exemplo, podemos criar relat\u00f3rios para compreender que nacionalidades se candidataram a fun\u00e7\u00f5es no WYgroup nos \u00faltimos 12 meses \u2013 n\u00e3o ser\u00e1s identific\u00e1vel nestes relat\u00f3rios.<\/p>\n\n\n\n<p>&nbsp;<\/p>\n\n\n\n<h2 class=\"wp-block-heading section__title section__title--left\"><strong>Os teus direitos<\/strong><\/h2>\n\n\n\n<ul class=\"section__copy list_style_inside wp-block-list\">\n<li><strong>Direito de corrigir ou atualizar informa\u00e7\u00e3o:<\/strong> tens o direito de que a informa\u00e7\u00e3o que mantemos sobre ti seja corrigida, caso n\u00e3o sejam precisas. Se as informa\u00e7\u00f5es que mantemos sobre ti precisarem de ser atualizadas ou achares que podem estar imprecisas, podes entrar em contato com o dpo@wygroup.net, a qualquer momento, para as atualizar;<\/li>\n\n\n\n<li><strong>Direito de acesso:<\/strong> tens o direito de receber uma c\u00f3pia da informa\u00e7\u00e3o pessoal que mantemos sobre ti. Podes solicitar uma c\u00f3pia da tua informa\u00e7\u00e3o pessoal entrando em contato com o dpo@wygroup.net;<\/li>\n\n\n\n<li><strong>Direito de oposi\u00e7\u00e3o:<\/strong>em determinadas circunst\u00e2ncias, tens o direito de te opores ao tratamento da tua informa\u00e7\u00e3o pessoal pelo WYgroup. Isto inclui, por exemplo, quando tomamos uma decis\u00e3o autom\u00e1tica sobre ti para fins de triagem. Se desejares opor-te ao processamento, podes fazer um pedido de oposi\u00e7\u00e3o ou contestar uma decis\u00e3o autom\u00e1tica que tomamos sobre ti entrando em contato com o dpo@wygroup.net;<\/li>\n\n\n\n<li><strong>Direito \u00e0 exclus\u00e3o:<\/strong> em determinadas circunst\u00e2ncias, tens o direito de solicitar que apaguemos a informa\u00e7\u00e3o pessoal que mantemos sobre ti. Podes solicitar a exclus\u00e3o da tua informa\u00e7\u00e3o entrando em contato com o dpo@wygroup.net;<\/li>\n\n\n\n<li><strong>Direito de restringir o uso da tua informa\u00e7\u00e3o:<\/strong> se sentires que a informa\u00e7\u00e3o pessoal que mantemos sobre ti \u00e9 imprecisa ou acreditares que n\u00e3o dever\u00edamos processar a tua informa\u00e7\u00e3o pessoal, podester o direito de nos pedir para restringir o processamento dessas informa\u00e7\u00f5es. Podes solicitar a restri\u00e7\u00e3o do processamento entrando em contato com o dpo@wygroup.net;<\/li>\n\n\n\n<li><strong>Direito \u00e0 portabilidade de dados:<\/strong>em determinadas circunst\u00e2ncias, ter\u00e1s o direito de levar contigo a informa\u00e7\u00e3o pessoal que nos forneceste. Podes solicitar uma c\u00f3pia da tua informa\u00e7\u00e3o pessoal entrando em contato com o dpo@wygroup.net.<\/li>\n<\/ul>\n\n\n\n<p class=\"section__copy\">Se n\u00e3o tomarmos medidas com base em qualquer uma das solicita\u00e7\u00f5es acima, iremos informar-te dos motivos.<br><br><\/p>\n\n\n\n<h2 class=\"wp-block-heading section__title section__title--left\" id=\"contactUs\"><strong>Altera\u00e7\u00f5es a esta Nota de Privacidade<\/strong><\/h2>\n\n\n\n<p class=\"section__copy\">Esta nota de privacidade \u00e9 atualizado periodicamente, por isso recomendamos que o verifiques regularmente.<br><br><\/p>\n\n\n\n<h2 class=\"wp-block-heading section__title section__title--left\"><strong>Como entrar em contato connosco<\/strong><\/h2>\n\n\n\n<p class=\"section__copy\">Se tiveres mais d\u00favidas sobre esta nota de privacidade ou sobre como processamos a tua informa\u00e7\u00e3o, entre em contato com o nosso Encarregado de Prote\u00e7\u00e3o de Dados em <a href=\"mailto:dpo@wygroup.net\">dpo@wygroup.net<\/a> ou envia uma carta registada para o seguinte endere\u00e7o:<br><br><\/p>\n\n\n\n<p class=\"section__copy\">DPO WYgroup<br>Av. Marginal, Edif\u00edcio Parque Oceano, 4\u00ba andar<br>2780-322 Oeiras &#8211; Portugal<\/p>\n","protected":false},"excerpt":{"rendered":"<p>&nbsp; &nbsp; (data de cria\u00e7\u00e3o: 16.05.2023) Esta Nota de Privacidade de RH foi criado pela W.Y., S.A. (doravante designado por &#8220;WYgroup&#8221;, &#8220;n\u00f3s&#8221; e &#8220;nosso&#8221;) para te informar sobre a forma como tratamos os teus dados pessoais no que diz respeito \u00e0s atividades dos Recursos Humanos (RH) e devem ser lidas em conjunto com a nossa [&hellip;]<\/p>\n","protected":false},"author":11,"featured_media":0,"parent":0,"menu_order":0,"comment_status":"closed","ping_status":"closed","template":"","meta":{"inline_featured_image":false,"footnotes":""},"class_list":["post-3035","page","type-page","status-publish","hentry"],"_links":{"self":[{"href":"https:\/\/www.wygroup.net\/pt-pt\/wp-json\/wp\/v2\/pages\/3035","targetHints":{"allow":["GET"]}}],"collection":[{"href":"https:\/\/www.wygroup.net\/pt-pt\/wp-json\/wp\/v2\/pages"}],"about":[{"href":"https:\/\/www.wygroup.net\/pt-pt\/wp-json\/wp\/v2\/types\/page"}],"author":[{"embeddable":true,"href":"https:\/\/www.wygroup.net\/pt-pt\/wp-json\/wp\/v2\/users\/11"}],"replies":[{"embeddable":true,"href":"https:\/\/www.wygroup.net\/pt-pt\/wp-json\/wp\/v2\/comments?post=3035"}],"version-history":[{"count":4,"href":"https:\/\/www.wygroup.net\/pt-pt\/wp-json\/wp\/v2\/pages\/3035\/revisions"}],"predecessor-version":[{"id":3726,"href":"https:\/\/www.wygroup.net\/pt-pt\/wp-json\/wp\/v2\/pages\/3035\/revisions\/3726"}],"wp:attachment":[{"href":"https:\/\/www.wygroup.net\/pt-pt\/wp-json\/wp\/v2\/media?parent=3035"}],"curies":[{"name":"wp","href":"https:\/\/api.w.org\/{rel}","templated":true}]}}