{"id":2842,"date":"2023-08-18T14:27:55","date_gmt":"2023-08-18T14:27:55","guid":{"rendered":"https:\/\/wygroup.psales.pt\/canal-de-denuncias\/"},"modified":"2023-10-31T15:25:09","modified_gmt":"2023-10-31T15:25:09","slug":"canal-de-denuncias","status":"publish","type":"page","link":"https:\/\/www.wygroup.net\/pt-pt\/canal-de-denuncias\/","title":{"rendered":"Canal de Den\u00fancias"},"content":{"rendered":"\n\t<main class=\"main  main--internal main--canal-de-denuncias\">\n\t\t\n\t\t\n\t\t<div class=\"wrapper\">\n\n\t\t\t\t\t\t\t<h1>Canal de Den\u00fancias<\/h1>\n\t\t\t\t\t\t\n\t\t<\/div>\n\n\t\t<a class=\"main__scroll\" href=\"#services\" title=\"V\u00ea todos os nossos servi\u00e7os\"><\/a>\n\n\t<\/main>\n\t\n\t\n\n\n<p>&nbsp;<\/p>\n\n\n\n<p>&nbsp; <\/p>\n\n\n\n<h2 class=\"wp-block-heading section__title section__title--left\">Manual de Conduta e \u00c9tica<\/h2>\n\n\n\n<p class=\"section__copy\">Este manual foi elaborado para orientar os nossos colaboradores sobre os princ\u00edpios e valores que defendemos.<\/p>\n\n\n\n<p class=\"section__copy\"><a href=\"https:\/\/www.wygroup.net\/wp-content\/uploads\/2023\/09\/WYgroup_Codigo-Conduta.pdf\" target=\"_blank\" rel=\"noreferrer noopener\">Aqui<\/a><a href=\"https:\/\/www.wygroup.net\/media\/1032910\/complete_with_docusign_wygroup-_co-digo_de_co.pdf\" target=\"_blank\" rel=\"noreferrer noopener\">,<\/a> encontras diretrizes claras e pr\u00e1ticas que te ajudar\u00e3o a compreender e respeitar as pol\u00edticas \u00e9ticas estabelecidas.<\/p>\n\n\n\n<p class=\"section__copy\">Acreditamos que uma cultura \u00e9tica \u00e9 essencial para criar relacionamentos s\u00f3lidos n\u00e3o apenas entre n\u00f3s, mas com os nossos clientes e parceiros. Mas para que isso aconte\u00e7a, sentimos necessidade de ter um documento unificador e orientativo dessas pr\u00e1ticas e princ\u00edpios.<\/p>\n\n\n\n<p class=\"section__copy\">Como Grupo, temos a responsabilidade de fazer a diferen\u00e7a na sociedade em que estamos inseridos. Ao seguirmos as melhoras pr\u00e1ticas \u00e9ticas e comportamentais, estamos ativamente a contribuir para um ambiente empresarial ainda mais saud\u00e1vel, para um crescimento sustent\u00e1vel e para a constru\u00e7\u00e3o de rela\u00e7\u00f5es de confian\u00e7a duradouras como todos aqueles que temos a sorte de tocar.<\/p>\n\n\n\n<p class=\"section__copy\">Isto somos n\u00f3s. Bem-vindo ao WYgroup!<\/p>\n\n\n\n<p>&nbsp; <\/p>\n\n\n\n<p>&nbsp; <\/p>\n\n\n\n<h2 class=\"wp-block-heading section__title section__title--left\">Canal de Den\u00fancias<\/h2>\n\n\n\n<p class=\"section__copy\">Prepar\u00e1mos esta plataforma an\u00f3nima para recolher todas as pr\u00e1ticas e condutas que n\u00e3o estejam de acordo com os nossos princ\u00edpios e valores. Esta den\u00fancia ser\u00e1 vista apenas por dois Gestores Seniores do Grupo que dela dar\u00e3o conhecimento ao nosso Respons\u00e1vel Jur\u00eddico e\/ou \u00e0s autoridades dependendo do tipo de denuncia reportada. Caso desejes que seja do conhecimento destes respons\u00e1veis a tua identidade, para poderes acompanhar o teu processo, estes respons\u00e1veis garantem-te confidencialidade total.<\/p>\n\n\n\t\t<section class=\"contact section\" id=\"contact\">\n\t\t\t<div class=\"wrapper\">\n\t\t\t\t<form action=\"\" class=\"contact__form\">\n\t\t\t\t\t\t\t\t\t\t\t<h2 class=\"section__title section__title--left\">O que queres partilhar connosco?<\/h2>\n\t\t\t\t\t\t\t\t\t\t<label>\n\t\t\t\t\t\t<span class=\"noAfter\">Nome (opcional)<\/span>\n\t\t\t\t\t\t<input\n\t\t\t\t\t\t\ttype=\"text\"\n\t\t\t\t\t\t\tautocomplete=\"given-name\"\n\t\t\t\t\t\t\tid=\"given-name\"\n\t\t\t\t\t\t\tname=\"given-name\"\n\t\t\t\t\t\t\/>\n\t\t\t\t\t\t<p class=\"error\">Por favor diz-nos o teu nome.<\/p>\n\t\t\t\t\t<\/label>\n\t\t\t\t\t<label>\n\t\t\t\t\t\t<span class=\"noAfter\">Apelido (opcional)<\/span>\n\t\t\t\t\t\t<input\n\t\t\t\t\t\t\ttype=\"text\"\n\t\t\t\t\t\t\tautocomplete=\"family-name\"\n\t\t\t\t\t\t\tid=\"family-name\"\n\t\t\t\t\t\t\tname=\"last-name\"\n\t\t\t\t\t\t\/>\n\t\t\t\t\t\t<p class=\"error\">Por favor diz-nos o teu apelido.<\/p>\n\t\t\t\t\t<\/label>\n\t\t\t\t\t<label>\n\t\t\t\t\t\t<span class=\"noAfter\">Email (opcional)<\/span>\n\t\t\t\t\t\t<input\n\t\t\t\t\t\t\ttype=\"email\"\n\t\t\t\t\t\t\tinputmode=\"email\"\n\t\t\t\t\t\t\tautocomplete=\"email\"\n\t\t\t\t\t\t\tid=\"email\"\n\t\t\t\t\t\t\tname=\"email\"\n\t\t\t\t\t\t\/>\n\t\t\t\t\t\t<p class=\"error\">Por favor diz-nos o teu email.<\/p>\n\t\t\t\t\t<\/label>\n\t\t\t\t\t<label>\n\t\t\t\t\t\t<span>Conta-nos o que se passa.<\/span>\n\t\t\t\t\t\t<textarea id=\"message\" name=\"message\" maxlength=\"2000\"><\/textarea>\n\t\t\t\t\t\t<p class=\"error\">Por favor diz-nos como te podemos ajudar.<\/p>\n\t\t\t\t\t<\/label>\n\n\t\t\t\t\t<input type=\"checkbox\" id=\"check-terms\" \/>\n\t\t\t\t\t<label for=\"check-terms\">\n\t\t\t\t\t\t<p class=\"terms\">\n\t\t\t\t\t\t\t* Li e aceito a <a href=\"https:\/\/www.wygroup.net\/privacy-notice\/\" target=\"_blank\">Nota de Privacidade<\/a>.\n\t\t\t\t\t\t<\/p>\n\t\t\t\t\t\t<p class=\"error\">Por favor, clique em aceitar.<\/p>\n\t\t\t\t\t<\/label>\n\t\t\t\t\t\n\t\t\t\t\t<label>\n\t\t\t\t\t\t<p class=\"terms-form\">Este site \u00e9 protegido por reCAPTCHA e as <a href=\"https:\/\/policies.google.com\/privacy?hl=pt-PT&#038;fg=1\" target=\"_blank\" rel=\"noopener\">Pol\u00edticas de Privacidade<\/a> e <a href=\"https:\/\/policies.google.com\/terms?hl=pt-PT&#038;fg=1\" target=\"_blank\" rel=\"noopener\">Termos de Servi\u00e7o<\/a> do Google aplicam-se. <\/p>  \t\t\t\t\t\t\t\t\t\t\t\n\t\t\t\t\t<\/label>\t\t\t\t\t\n\n\t\t\t\t\t<button \n\t\t\t\t\t\tclass=\"button whistleblow__button button--primary\"\n\t\t\t\t\t\tdata-nonce=\"baaaff54b2\"\n\t\t\t\t\t\tdata-post=\"2842\"\n\t\t\t\t\t\tdata-sitekey=\"6LdXwmkeAAAAAM57n9mu6tC6PiQUoz6m0mt6lqaK\"\n\t\t\t\t\t\tdata-callback=\"app.formRecaptcha.submitContact\"\n\t\t\t\t\t\tdata-action=\"submit\"\n\t\t\t\t\t>\n\t\t\t\t\t\tEnviar <span class=\"loading\"><\/span>\n\t\t\t\t\t<\/button>\n\t\t\t\t<\/form>\n\t\t\t<\/div>\n\t\t<\/section>\n\n\t","protected":false},"excerpt":{"rendered":"<p>&nbsp; &nbsp; Manual de Conduta e \u00c9tica Este manual foi elaborado para orientar os nossos colaboradores sobre os princ\u00edpios e valores que defendemos. Aqui, encontras diretrizes claras e pr\u00e1ticas que te ajudar\u00e3o a compreender e respeitar as pol\u00edticas \u00e9ticas estabelecidas. Acreditamos que uma cultura \u00e9tica \u00e9 essencial para criar relacionamentos s\u00f3lidos n\u00e3o apenas entre n\u00f3s, [&hellip;]<\/p>\n","protected":false},"author":7,"featured_media":0,"parent":0,"menu_order":0,"comment_status":"closed","ping_status":"closed","template":"","meta":{"inline_featured_image":false,"footnotes":""},"class_list":["post-2842","page","type-page","status-publish","hentry"],"_links":{"self":[{"href":"https:\/\/www.wygroup.net\/pt-pt\/wp-json\/wp\/v2\/pages\/2842","targetHints":{"allow":["GET"]}}],"collection":[{"href":"https:\/\/www.wygroup.net\/pt-pt\/wp-json\/wp\/v2\/pages"}],"about":[{"href":"https:\/\/www.wygroup.net\/pt-pt\/wp-json\/wp\/v2\/types\/page"}],"author":[{"embeddable":true,"href":"https:\/\/www.wygroup.net\/pt-pt\/wp-json\/wp\/v2\/users\/7"}],"replies":[{"embeddable":true,"href":"https:\/\/www.wygroup.net\/pt-pt\/wp-json\/wp\/v2\/comments?post=2842"}],"version-history":[{"count":4,"href":"https:\/\/www.wygroup.net\/pt-pt\/wp-json\/wp\/v2\/pages\/2842\/revisions"}],"predecessor-version":[{"id":3456,"href":"https:\/\/www.wygroup.net\/pt-pt\/wp-json\/wp\/v2\/pages\/2842\/revisions\/3456"}],"wp:attachment":[{"href":"https:\/\/www.wygroup.net\/pt-pt\/wp-json\/wp\/v2\/media?parent=2842"}],"curies":[{"name":"wp","href":"https:\/\/api.w.org\/{rel}","templated":true}]}}