{"id":1192,"date":"2022-11-17T10:57:06","date_gmt":"2022-11-17T10:57:06","guid":{"rendered":"https:\/\/wygroup.psales.pt\/white-way\/"},"modified":"2024-02-05T11:47:18","modified_gmt":"2024-02-05T11:47:18","slug":"white-way","status":"publish","type":"page","link":"https:\/\/www.wygroup.net\/pt-pt\/crafts-os-nossos-servicos\/white-way\/","title":{"rendered":"White Way"},"content":{"rendered":"\n\t<main class=\"main  main--internal main--white-way\">\n\t\t\n\t\t\n\t\t<div class=\"wrapper\">\n\n\t\t\t\t\t\t\t<h1>White Way<\/h1>\n\t\t\t\t\t\t\n\t\t<\/div>\n\n\t\t<a class=\"main__scroll\" href=\"#services\" title=\"V\u00ea todos os nossos servi\u00e7os\"><\/a>\n\n\t<\/main>\n\t\n\t\n\n\n<section class=\"wp-block-group section section__about\"><div class=\"wp-block-group__inner-container is-layout-flow wp-block-group-is-layout-flow\"><div class=\"wp-block-image\">\n<figure class=\"aligncenter size-full is-resized\"><img loading=\"lazy\" decoding=\"async\" width=\"483\" height=\"363\" src=\"https:\/\/www.wygroup.net\/wp-content\/uploads\/2022\/11\/white_logo.png\" alt=\"\" class=\"wp-image-813\" style=\"width:296px;height:222px\" srcset=\"https:\/\/www.wygroup.net\/wp-content\/uploads\/2022\/11\/white_logo.png 483w, https:\/\/www.wygroup.net\/wp-content\/uploads\/2022\/11\/white_logo-300x225.png 300w\" sizes=\"auto, (max-width: 483px) 100vw, 483px\" \/><\/figure>\n<\/div>\n\n\n<h2 class=\"wp-block-heading section__title section__title--left\" id=\"we-are-creative-but-data-comes-first-pleased-to-meet-you\">A White \u00e9 uma ag\u00eancia de Estrat\u00e9gia e Criatividade que em parceria com pessoas, marcas e neg\u00f3cios, resolve desafios e atinge resultados. <\/h2>\n\n\n\n<p class=\"section__copy\">Fundada em 2006 por dois empreendedores com um s\u00f3lido percurso no mundo do marketing e comunica\u00e7\u00e3o, a ag\u00eancia tem hoje uma equipa de +30 profissionais com um profundo know-how em Branding, Digital e Experi\u00eancia de Marca, totalmente dedicada a desenvolver as melhores e mais relevantes solu\u00e7\u00f5es criativas para os nossos clientes. Mais de 15 anos de experi\u00eancia a trabalhar diferentes ind\u00fastrias e actividades empresariais permitem-nos entregar um full-service personalizado e competitivo, que nos tem trazido reconhecimento do mercado e v\u00e1rios pr\u00e9mios nacionais e internacionais. <\/p>\n\n\n\n<p class=\"section__copy\"><a href=\"http:\/\/www.white.com.pt\/\" target=\"_blank\" rel=\"noopener\"><strong><mark style=\"background-color:rgba(0, 0, 0, 0)\" class=\"has-inline-color has-luminous-vivid-amber-color\">V\u00ca O NOSSO WEBSITE<\/mark><\/strong><\/a><\/p>\n<\/div><\/section>\n\n\n\n<h2 class=\"wp-block-heading section__title section__title--left\" id=\"our-story\">O nosso Expertise<\/h2>\n\n\n\n<ul class=\"section__copy list_style_inside wp-block-list\">\n<li>Branded Environment<\/li>\n\n\n\n<li>Brand Research &amp; Insight <\/li>\n\n\n\n<li>Corporate &amp; Service Branding <\/li>\n\n\n\n<li>Consumer Branding <\/li>\n\n\n\n<li>Digital &amp; Community Engagement <\/li>\n\n\n\n<li>Employee Engagement<\/li>\n<\/ul>\n\n\n\n<p class=\"section__copy\"><br><\/p>\n\n\n\n<figure class=\"wp-block-embed is-type-video is-provider-youtube wp-block-embed-youtube wp-embed-aspect-16-9 wp-has-aspect-ratio section__copy fullWidthYoutube\"><div class=\"wp-block-embed__wrapper\">\n<iframe loading=\"lazy\" title=\"Reel -  White Way\" width=\"500\" height=\"281\" src=\"https:\/\/www.youtube.com\/embed\/OULCsxMwjm8?feature=oembed\" frameborder=\"0\" allow=\"accelerometer; autoplay; clipboard-write; encrypted-media; gyroscope; picture-in-picture; web-share\" referrerpolicy=\"strict-origin-when-cross-origin\" allowfullscreen><\/iframe>\n<\/div><\/figure>\n","protected":false},"excerpt":{"rendered":"<p>A White \u00e9 uma ag\u00eancia de Estrat\u00e9gia e Criatividade que em parceria com pessoas, marcas e neg\u00f3cios, resolve desafios e atinge resultados. Fundada em 2006 por dois empreendedores com um s\u00f3lido percurso no mundo do marketing e comunica\u00e7\u00e3o, a ag\u00eancia tem hoje uma equipa de +30 profissionais com um profundo know-how em Branding, Digital e [&hellip;]<\/p>\n","protected":false},"author":7,"featured_media":0,"parent":1153,"menu_order":0,"comment_status":"closed","ping_status":"closed","template":"","meta":{"inline_featured_image":false,"footnotes":""},"class_list":["post-1192","page","type-page","status-publish","hentry"],"_links":{"self":[{"href":"https:\/\/www.wygroup.net\/pt-pt\/wp-json\/wp\/v2\/pages\/1192","targetHints":{"allow":["GET"]}}],"collection":[{"href":"https:\/\/www.wygroup.net\/pt-pt\/wp-json\/wp\/v2\/pages"}],"about":[{"href":"https:\/\/www.wygroup.net\/pt-pt\/wp-json\/wp\/v2\/types\/page"}],"author":[{"embeddable":true,"href":"https:\/\/www.wygroup.net\/pt-pt\/wp-json\/wp\/v2\/users\/7"}],"replies":[{"embeddable":true,"href":"https:\/\/www.wygroup.net\/pt-pt\/wp-json\/wp\/v2\/comments?post=1192"}],"version-history":[{"count":9,"href":"https:\/\/www.wygroup.net\/pt-pt\/wp-json\/wp\/v2\/pages\/1192\/revisions"}],"predecessor-version":[{"id":7078,"href":"https:\/\/www.wygroup.net\/pt-pt\/wp-json\/wp\/v2\/pages\/1192\/revisions\/7078"}],"up":[{"embeddable":true,"href":"https:\/\/www.wygroup.net\/pt-pt\/wp-json\/wp\/v2\/pages\/1153"}],"wp:attachment":[{"href":"https:\/\/www.wygroup.net\/pt-pt\/wp-json\/wp\/v2\/media?parent=1192"}],"curies":[{"name":"wp","href":"https:\/\/api.w.org\/{rel}","templated":true}]}}