{"id":1186,"date":"2021-12-20T16:42:55","date_gmt":"2021-12-20T16:42:55","guid":{"rendered":"https:\/\/wygroup.psales.pt\/talent\/"},"modified":"2024-10-29T12:58:26","modified_gmt":"2024-10-29T12:58:26","slug":"talento","status":"publish","type":"page","link":"https:\/\/www.wygroup.net\/pt-pt\/talento\/","title":{"rendered":"Talento"},"content":{"rendered":"\n\t<main class=\"main  main--internal main--talento\">\n\t\t\n\t\t\n\t\t<div class=\"wrapper\">\n\n\t\t\t\t\t\t\t<h1>Talento<\/h1>\n\t\t\t\t\t\t\n\t\t<\/div>\n\n\t\t<a class=\"main__scroll\" href=\"#services\" title=\"V\u00ea todos os nossos servi\u00e7os\"><\/a>\n\n\t<\/main>\n\t\n\t\n\n\n\t<section class=\"clear section\">\n\t\t<h2 class=\"section__title section__title--left wrapper-content\">\n\t\t\t<strong>Junta-te a n\u00f3s<\/strong>!\t\t<\/h2>\n\n\t\t    \n\n\n<p class=\"section__copy wrapper-content\">Estamos sempre \u00e0 procura de gente curiosa, cheia de energia e vontade de fazer a diferen\u00e7a.<br>Se gostavas de te juntar a n\u00f3s no WYgroup, consulta abaixo as nossas vagas dispon\u00edveis, preenche o formul\u00e1rio e envia o teu CV e portf\u00f3lio, para que possamos entrar em contato contigo.<\/p>\n\n\n\n<p class=\"section__copy wrapper-content\">Podes ver aqui a nossa <a href=\"https:\/\/www.wygroup.net\/pt-pt\/nota-de-privacidade-de-rh\/\">Nota de Privacidade de RH<\/a> para saberes mais sobre como mantemos e gerimos os teus dados.<\/p>\n\n\n\n<h1 class=\"wp-block-heading has-text-align-center section__title section__title--left text-center\" id=\"we-are-creative-but-data-comes-first-pleased-to-meet-you\"><strong>Recrutamento em aberto<\/strong><\/h1>\n\n\n\n<link rel=\"stylesheet\" href=\"\nhttps:\/\/static.zohocdn.com\/recruit\/embed_careers_site\/css\/v1.1\/embed_jobs.css\"\ntype=\"text\/css\">\n<div class=\"embed_jobs_head embed_jobs_with_style_1\">\n<div class=\"embed_jobs_head2\">\n<div class=\"embed_jobs_head3\">\n<div id=\"rec_job_listing_div\"> <\/div>\n<script type=\"text\/javascript\" src=\"\nhttps:\/\/static.zohocdn.com\/recruit\/embed_careers_site\/javascript\/v1.1\/embed_jobs.js\"><\/script>\n<script type=\"text\/javascript\">\n\t\t\trec_embed_js.load({\n\t\t\t\twidget_id:\"rec_job_listing_div\",\n\t\t\t\tpage_name:\"Careers\",\n\t\t\t\tsource:\"CareerSite\",\n\t\t\t\tsite:\"https:\/\/careers.wygroup.net\",\n\t\t\t\tbrand_color:\"#FCB900\",\n\t\t\t\tempty_job_msg:\"No current Openings\"\n\t\t\t});\n<\/script>\n<\/div>\n<\/div>\n<\/div>\n\n\n\n\t<\/section>\n\n\t<section class=\"section\">\n\n\t\t\n\t<\/section>\n\n\t<section class=\"clear section\">\n\t\t<h2 class=\"section__title section__title--left wrapper-content\">\n\t\t\tN\u00e3o encontras a vaga que estavas \u00e0 procura?\t\t<\/h2>\n\n\t\t<p class=\"section__copy wrapper-content\">\n\t\t\t<a class=\"section__anchor\" href=\"https:\/\/careers.wygroup.net\/forms\/d831204d6552510d2adf477d180d0edfe32d15534098283addea6c658d5e768d\" title=\"Spontaneous applications.\" target=\"_blank\" rel=\"noopener\">Clica aqui<\/a> para nos enviares a tua candidatura espont\u00e2nea.\t\t<\/p>\n\t<\/section>\n\n    \n\n\n<h2 class=\"wp-block-heading has-text-align-center section__title section__title--left text-center\" id=\"our-story\">Os nossos benef\u00edcios<\/h2>\n\n\n\n<div class=\"wp-block-spacer\" style=\"height: 50px;\" aria-hidden=\"true\">\u00a0<\/div>\n\n\n\n<div class=\"wp-block-group section__copy\"><div class=\"wp-block-group__inner-container is-layout-constrained wp-block-group-is-layout-constrained\">\n<div class=\"wp-block-columns is-layout-flex wp-container-core-columns-is-layout-9d6595d7 wp-block-columns-is-layout-flex\">\n<div class=\"wp-block-column text-center is-layout-flow wp-block-column-is-layout-flow\">\n<figure class=\"wp-block-image size-full text-center\"><img loading=\"lazy\" decoding=\"async\" width=\"77\" height=\"80\" src=\"https:\/\/www.wygroup.net\/wp-content\/uploads\/2023\/06\/work_relax.png\" alt=\"\" class=\"wp-image-1830\"\/><\/figure>\n\n\n\n<p class=\"section__copy perks-text\">Ambiente descontra\u00eddo e equipa jovem<\/p>\n<\/div>\n\n\n\n<div class=\"wp-block-column text-center is-layout-flow wp-block-column-is-layout-flow\">\n<figure class=\"wp-block-image size-full\"><img loading=\"lazy\" decoding=\"async\" width=\"90\" height=\"82\" src=\"https:\/\/www.wygroup.net\/wp-content\/uploads\/2023\/06\/work_flexible.png\" alt=\"\" class=\"wp-image-1822\"\/><\/figure>\n\n\n\n<p class=\"section__copy perks-text\">Trabalho flex\u00edvel<\/p>\n<\/div>\n\n\n\n<div class=\"wp-block-column text-center is-layout-flow wp-block-column-is-layout-flow\">\n<figure class=\"wp-block-image size-full\"><img loading=\"lazy\" decoding=\"async\" width=\"72\" height=\"82\" src=\"https:\/\/www.wygroup.net\/wp-content\/uploads\/2023\/06\/work_days_off.png\" alt=\"\" class=\"wp-image-1824\"\/><\/figure>\n\n\n\n<p class=\"section__copy perks-text\">Dias extras de folga<\/p>\n<\/div>\n\n\n\n<div class=\"wp-block-column text-center is-layout-flow wp-block-column-is-layout-flow\">\n<figure class=\"wp-block-image size-full\"><img loading=\"lazy\" decoding=\"async\" width=\"87\" height=\"82\" src=\"https:\/\/www.wygroup.net\/wp-content\/uploads\/2023\/06\/work_ongoing.png\" alt=\"\" class=\"wp-image-1832\"\/><\/figure>\n\n\n\n<p class=\"section__copy perks-text\">Aprendizagem cont\u00ednua para todos os colaboradores<\/p>\n\n\n\n<p class=\"section__copy\"><\/p>\n<\/div>\n<\/div>\n\n\n\n<div class=\"wp-block-columns is-layout-flex wp-container-core-columns-is-layout-9d6595d7 wp-block-columns-is-layout-flex\">\n<div class=\"wp-block-column text-center is-layout-flow wp-block-column-is-layout-flow\">\n<figure class=\"wp-block-image size-full\"><img loading=\"lazy\" decoding=\"async\" width=\"82\" height=\"82\" src=\"https:\/\/www.wygroup.net\/wp-content\/uploads\/2023\/06\/work_privileged.png\" alt=\"\" class=\"wp-image-1828\"\/><\/figure>\n\n\n\n<p class=\"section__copy perks-text\">Localiza\u00e7\u00e3o privilegiada em frente \u00e0 praia de Santo Amaro de Oeiras<\/p>\n<\/div>\n\n\n\n<div class=\"wp-block-column text-center is-layout-flow wp-block-column-is-layout-flow\">\n<figure class=\"wp-block-image size-full\"><img loading=\"lazy\" decoding=\"async\" width=\"76\" height=\"82\" src=\"https:\/\/www.wygroup.net\/wp-content\/uploads\/2023\/06\/work_integration.png\" alt=\"\" class=\"wp-image-1826\"\/><\/figure>\n\n\n\n<p class=\"section__copy perks-text\">Integra\u00e7\u00e3o no Talent Benefits &amp; Partnerships, o nosso programa de benef\u00edcios e parcerias.<\/p>\n<\/div>\n\n\n\n<div class=\"wp-block-column text-center is-layout-flow wp-block-column-is-layout-flow\">\n<figure class=\"wp-block-image size-full\"><img loading=\"lazy\" decoding=\"async\" width=\"68\" height=\"81\" src=\"https:\/\/www.wygroup.net\/wp-content\/uploads\/2023\/06\/work_focus.png\" alt=\"\" class=\"wp-image-1820\"\/><\/figure>\n\n\n\n<p class=\"section__copy perks-text\">Foco no crescimento pessoal e profissional das nossas pessoas<\/p>\n<\/div>\n<\/div>\n<\/div><\/div>\n\n\n\n\t\t<h2 class=\"section__title section__title--left gallery__title\">\n\t\t\tOs nossos momentos livres e felizes\t\t<\/h2>\n\n\t\t\n\t\t\t\t\t<ul \n\t\t\t\tclass=\"gallery\" \n\t\t\t\tid=\"gallery__slider\" \n\t\t\t\trole=\"group\"\n\t\t\t\taria-roledescription=\"carousel\"\n\t\t\t\taria-live=\"polite\"\n\t\t\t>\n\t\t\t\t<li \n\tclass=\"gallery__photo\"\n\taria-role=\"img\" \n\taria-roledescription=\"slide\" \n\taria-label=\"Photo 1\"\n>\n\t<img decoding=\"async\" src=\"https:\/\/www.wygroup.net\/wp-content\/uploads\/2023\/08\/Watching-World-Cup-jpeg.webp\" alt=\"A ver os jogos do Mundial de Futebol\" \/>\n<\/li><li \n\tclass=\"gallery__photo\"\n\taria-role=\"img\" \n\taria-roledescription=\"slide\" \n\taria-label=\"Photo 2\"\n>\n\t<img decoding=\"async\" src=\"https:\/\/www.wygroup.net\/wp-content\/uploads\/2023\/09\/Beach-Villey-Tournament-1-1-jpeg.webp\" alt=\"Torneio de V\u00f3lei de Praia\" \/>\n<\/li><li \n\tclass=\"gallery__photo\"\n\taria-role=\"img\" \n\taria-roledescription=\"slide\" \n\taria-label=\"Photo 3\"\n>\n\t<img decoding=\"async\" src=\"https:\/\/www.wygroup.net\/wp-content\/uploads\/2023\/08\/Summer-Party-1-scaled.webp\" alt=\"Festa de ver\u00e3o\" \/>\n<\/li><li \n\tclass=\"gallery__photo\"\n\taria-role=\"img\" \n\taria-roledescription=\"slide\" \n\taria-label=\"Photo 4\"\n>\n\t<img decoding=\"async\" src=\"https:\/\/www.wygroup.net\/wp-content\/uploads\/2023\/08\/WYbreak-jpeg.webp\" alt=\"WYbreak\" \/>\n<\/li><li \n\tclass=\"gallery__photo\"\n\taria-role=\"img\" \n\taria-roledescription=\"slide\" \n\taria-label=\"Photo 5\"\n>\n\t<img decoding=\"async\" src=\"https:\/\/www.wygroup.net\/wp-content\/uploads\/2023\/08\/Christmas-Campaigns.jpg\" alt=\"Campanhas Solid\u00e1rias de Natal\" \/>\n<\/li><li \n\tclass=\"gallery__photo\"\n\taria-role=\"img\" \n\taria-roledescription=\"slide\" \n\taria-label=\"Photo 6\"\n>\n\t<img decoding=\"async\" src=\"https:\/\/www.wygroup.net\/wp-content\/uploads\/2023\/09\/MicrosoftTeams-image-60-1-1-1.png\" alt=\"Primeiro dia de ver\u00e3o\" \/>\n<\/li><li \n\tclass=\"gallery__photo\"\n\taria-role=\"img\" \n\taria-roledescription=\"slide\" \n\taria-label=\"Photo 7\"\n>\n\t<img decoding=\"async\" src=\"https:\/\/www.wygroup.net\/wp-content\/uploads\/2023\/09\/MicrosoftTeams-image-61.jpg\" alt=\"WYnewcommers\" \/>\n<\/li>\t\t\t<\/ul>\n\n\t\t\t<nav class=\"gallery__nav\">\n\t\t\t\t<button class=\"gallery__button gallery__button--prev\" aria-label=\"Foto anterior\" aria-controls=\"gallery__slider\" disabled><\/button>\n\t\t\t\t<button class=\"gallery__button gallery__button--next\" aria-label=\"Next photo\" aria-controls=\"gallery__slider\"><\/button>\n\t\t\t<\/nav>\n\n\t\t\n\t<\/section>\n\n    \n\n\n<p class=\"section__copy\">&nbsp;<\/p>\n","protected":false},"excerpt":{"rendered":"<p>Estamos sempre \u00e0 procura de gente curiosa, cheia de energia e vontade de fazer a diferen\u00e7a.Se gostavas de te juntar a n\u00f3s no WYgroup, consulta abaixo as nossas vagas dispon\u00edveis, preenche o formul\u00e1rio e envia o teu CV e portf\u00f3lio, para que possamos entrar em contato contigo. Podes ver aqui a nossa Nota de Privacidade [&hellip;]<\/p>\n","protected":false},"author":7,"featured_media":5065,"parent":0,"menu_order":0,"comment_status":"closed","ping_status":"closed","template":"","meta":{"inline_featured_image":false,"footnotes":""},"class_list":["post-1186","page","type-page","status-publish","has-post-thumbnail","hentry"],"_links":{"self":[{"href":"https:\/\/www.wygroup.net\/pt-pt\/wp-json\/wp\/v2\/pages\/1186","targetHints":{"allow":["GET"]}}],"collection":[{"href":"https:\/\/www.wygroup.net\/pt-pt\/wp-json\/wp\/v2\/pages"}],"about":[{"href":"https:\/\/www.wygroup.net\/pt-pt\/wp-json\/wp\/v2\/types\/page"}],"author":[{"embeddable":true,"href":"https:\/\/www.wygroup.net\/pt-pt\/wp-json\/wp\/v2\/users\/7"}],"replies":[{"embeddable":true,"href":"https:\/\/www.wygroup.net\/pt-pt\/wp-json\/wp\/v2\/comments?post=1186"}],"version-history":[{"count":17,"href":"https:\/\/www.wygroup.net\/pt-pt\/wp-json\/wp\/v2\/pages\/1186\/revisions"}],"predecessor-version":[{"id":6180,"href":"https:\/\/www.wygroup.net\/pt-pt\/wp-json\/wp\/v2\/pages\/1186\/revisions\/6180"}],"wp:featuredmedia":[{"embeddable":true,"href":"https:\/\/www.wygroup.net\/pt-pt\/wp-json\/wp\/v2\/media\/5065"}],"wp:attachment":[{"href":"https:\/\/www.wygroup.net\/pt-pt\/wp-json\/wp\/v2\/media?parent=1186"}],"curies":[{"name":"wp","href":"https:\/\/api.w.org\/{rel}","templated":true}]}}