{"id":1153,"date":"2021-12-20T16:42:33","date_gmt":"2021-12-20T16:42:33","guid":{"rendered":"https:\/\/wygroup.psales.pt\/crafts\/"},"modified":"2023-12-29T11:51:17","modified_gmt":"2023-12-29T11:51:17","slug":"crafts-os-nossos-servicos","status":"publish","type":"page","link":"https:\/\/www.wygroup.net\/pt-pt\/crafts-os-nossos-servicos\/","title":{"rendered":"Crafts"},"content":{"rendered":"\n\t<main class=\"main  main--internal main--crafts-os-nossos-servicos\">\n\t\t\n\t\t\n\t\t<div class=\"wrapper\">\n\n\t\t\t\t\t\t\t<h1>Crafts<\/h1>\n\t\t\t\t\t\t\n\t\t<\/div>\n\n\t\t<a class=\"main__scroll\" href=\"#services\" title=\"V\u00ea todos os nossos servi\u00e7os\"><\/a>\n\n\t<\/main>\n\t\n\t        <section class=\"section\" id=\"services\">\n            \n            <h2 class=\"section__title\">Sinergias baseadas em energia<\/h2>\n            <div class=\"section__subtitle\">Juntos, somos uma one-stop-shop, que engloba um enorme potencial nas variadas combina\u00e7\u00f5es que se podem fazer no \u00e2mbito da experi\u00eancia do consumidor e na sua comunica\u00e7\u00e3o integrada, alavancadas pelas nossas compet\u00eancias e talento que cobrem todas as disciplinas de comunica\u00e7\u00e3o.<\/div>    \n\n                            <div class=\"services wrapper\">\n                <div class=\"services__card\">\n    <div class=\"services__card--front\">\n\t\t<img decoding=\"async\" class=\"services__bg\" src=\"https:\/\/www.wygroup.net\/wp-content\/uploads\/2022\/02\/consultancy-jpg.webp\" alt=\"\" \/>\n\t\t<h3 class=\"services__title\">Ativa\u00e7\u00e3o de Marca &amp; Eventos<\/h3>\n\t\t<p class=\"services__description\">\n\t\t\tO nosso objetivo \u00e9 criar a\u00e7\u00f5es com impacto social e cultural, onde a relev\u00e2ncia \u00e9 imposta \u00e0 criatividade para gerar rea\u00e7\u00f5es, sejam elas de 100 ou 100.000 pessoas.\t\t<\/p>\n\t\t<button class=\"services__open\" aria-label=\"Abrir\"><\/button\n\t\t><span class=\"services__see\">V\u00ea as nossas empresas<\/span>\n    <\/div>\n    <div class=\"services__card--back\">\n\t\t<h3 class=\"services__title\">Ativa\u00e7\u00e3o de Marca &amp; Eventos<\/h3>\n\t\t<div class=\"services__content\">\n\t\t\t\n<ul class=\"wp-block-list\">\n<li><a href=\"https:\/\/www.wygroup.net\/pt-pt\/crafts\/nervo\/\">NERVO<\/a><\/li>\n<\/ul>\n\t\t<\/div> \n\t\t<button class=\"services__close\" aria-label=\"Close card\"><\/button\n\t\t><span class=\"services__see close\">Fechar<\/span>\n    <\/div>\n<\/div><div class=\"services__card\">\n    <div class=\"services__card--front\">\n\t\t<img decoding=\"async\" class=\"services__bg\" src=\"https:\/\/www.wygroup.net\/wp-content\/uploads\/2022\/02\/cms-jpg.webp\" alt=\"\" \/>\n\t\t<h3 class=\"services__title\">Branding, Campanhas e Content Marketing<\/h3>\n\t\t<p class=\"services__description\">\n\t\t\tCriamos a estrat\u00e9gia e entregamos o conte\u00fado. \t\t<\/p>\n\t\t<button class=\"services__open\" aria-label=\"Abrir\"><\/button\n\t\t><span class=\"services__see\">V\u00ea as nossas empresas<\/span>\n    <\/div>\n    <div class=\"services__card--back\">\n\t\t<h3 class=\"services__title\">Branding, Campanhas e Content Marketing<\/h3>\n\t\t<div class=\"services__content\">\n\t\t\t\n<ul class=\"wp-block-list\">\n<li><a href=\"https:\/\/www.wygroup.net\/pt-pt\/crafts\/white-way\/\">White<\/a><\/li>\n\n\n\n<li><a href=\"https:\/\/www.wygroup.net\/pt-pt\/crafts\/wycreative\/\">WYcreative <\/a><\/li>\n\n\n\n<li><a href=\"https:\/\/www.wygroup.net\/pt-pt\/performance-sales-e-agora-wyperformance\/wyperformance\/\">WYperformance<\/a><\/li>\n<\/ul>\n\t\t<\/div> \n\t\t<button class=\"services__close\" aria-label=\"Close card\"><\/button\n\t\t><span class=\"services__see close\">Fechar<\/span>\n    <\/div>\n<\/div><div class=\"services__card\">\n    <div class=\"services__card--front\">\n\t\t<img decoding=\"async\" class=\"services__bg\" src=\"https:\/\/www.wygroup.net\/wp-content\/uploads\/2022\/02\/cms-jpg.webp\" alt=\"\" \/>\n\t\t<h3 class=\"services__title\">Estrat\u00e9gia e Desenvolvimento de CRM<\/h3>\n\t\t<p class=\"services__description\">\n\t\t\tDesde mapeamento de processos, consultoria, forma\u00e7\u00e3o e suporte t\u00e9cnico, criamos um sistema de CRM que otimiza a gest\u00e3o do processo de vendas e alavanca o desempenho de neg\u00f3cio.\t\t<\/p>\n\t\t<button class=\"services__open\" aria-label=\"Abrir\"><\/button\n\t\t><span class=\"services__see\">V\u00ea as nossas empresas<\/span>\n    <\/div>\n    <div class=\"services__card--back\">\n\t\t<h3 class=\"services__title\">Estrat\u00e9gia e Desenvolvimento de CRM<\/h3>\n\t\t<div class=\"services__content\">\n\t\t\t\n<ul class=\"wp-block-list\">\n<li><a href=\"https:\/\/www.wygroup.net\/pt-pt\/crafts\/wyperformance\/\">WYperformance<\/a><\/li>\n<\/ul>\n\t\t<\/div> \n\t\t<button class=\"services__close\" aria-label=\"Close card\"><\/button\n\t\t><span class=\"services__see close\">Fechar<\/span>\n    <\/div>\n<\/div><div class=\"services__card\">\n    <div class=\"services__card--front\">\n\t\t<img decoding=\"async\" class=\"services__bg\" src=\"https:\/\/www.wygroup.net\/wp-content\/uploads\/2022\/02\/social-jpg.webp\" alt=\"\" \/>\n\t\t<h3 class=\"services__title\">Criatividade Data-Driven<\/h3>\n\t\t<p class=\"services__description\">\n\t\t\tFazemos toda a investiga\u00e7\u00e3o que se traduz em dados e informa\u00e7\u00f5es relevantes para desenvolver uma estrat\u00e9gia criativa.\t\t<\/p>\n\t\t<button class=\"services__open\" aria-label=\"Abrir\"><\/button\n\t\t><span class=\"services__see\">V\u00ea as nossas empresas<\/span>\n    <\/div>\n    <div class=\"services__card--back\">\n\t\t<h3 class=\"services__title\">Criatividade Data-Driven<\/h3>\n\t\t<div class=\"services__content\">\n\t\t\t\n<ul class=\"wp-block-list\">\n<li><a href=\"https:\/\/www.wygroup.net\/pt-pt\/crafts\/wyperformance\/\">WYperformance<\/a><\/li>\n<\/ul>\n\t\t<\/div> \n\t\t<button class=\"services__close\" aria-label=\"Close card\"><\/button\n\t\t><span class=\"services__see close\">Fechar<\/span>\n    <\/div>\n<\/div><div class=\"services__card\">\n    <div class=\"services__card--front\">\n\t\t<img decoding=\"async\" class=\"services__bg\" src=\"https:\/\/www.wygroup.net\/wp-content\/uploads\/2022\/02\/seo-jpg.webp\" alt=\"\" \/>\n\t\t<h3 class=\"services__title\">Consultoria Digital<\/h3>\n\t\t<p class=\"services__description\">\n\t\t\tEntende os pontos problem\u00e1ticos e o comportamento digital dos teus clientes. O que pensam e sentem e como compram.\t\t<\/p>\n\t\t<button class=\"services__open\" aria-label=\"Abrir\"><\/button\n\t\t><span class=\"services__see\">V\u00ea as nossas empresas<\/span>\n    <\/div>\n    <div class=\"services__card--back\">\n\t\t<h3 class=\"services__title\">Consultoria Digital<\/h3>\n\t\t<div class=\"services__content\">\n\t\t\t\n<ul class=\"wp-block-list\">\n<li><a href=\"https:\/\/www.wygroup.net\/pt-pt\/crafts\/lisbon-digital-school\/\">Lisbon Digital School<\/a><\/li>\n\n\n\n<li><a href=\"https:\/\/www.wygroup.net\/pt-pt\/crafts\/wyperformance\/\">WYperformance<\/a><\/li>\n<\/ul>\n\t\t<\/div> \n\t\t<button class=\"services__close\" aria-label=\"Close card\"><\/button\n\t\t><span class=\"services__see close\">Fechar<\/span>\n    <\/div>\n<\/div><div class=\"services__card\">\n    <div class=\"services__card--front\">\n\t\t<img decoding=\"async\" class=\"services__bg\" src=\"https:\/\/www.wygroup.net\/wp-content\/uploads\/2022\/02\/automation-jpg.webp\" alt=\"\" \/>\n\t\t<h3 class=\"services__title\">Estrat\u00e9gia e Desenvolvimento de Produto Digital<\/h3>\n\t\t<p class=\"services__description\">\n\t\t\tPesquisamos, analisamos o mercado e criamos um roadmap de produto para transformar ideias em produtos funcionais.\t\t<\/p>\n\t\t<button class=\"services__open\" aria-label=\"Abrir\"><\/button\n\t\t><span class=\"services__see\">V\u00ea as nossas empresas<\/span>\n    <\/div>\n    <div class=\"services__card--back\">\n\t\t<h3 class=\"services__title\">Estrat\u00e9gia e Desenvolvimento de Produto Digital<\/h3>\n\t\t<div class=\"services__content\">\n\t\t\t\n<ul class=\"wp-block-list\">\n<li><a href=\"https:\/\/www.wygroup.net\/pt-pt\/crafts\/bliss-applications\/\">Bliss Applications<\/a><\/li>\n<\/ul>\n\t\t<\/div> \n\t\t<button class=\"services__close\" aria-label=\"Close card\"><\/button\n\t\t><span class=\"services__see close\">Fechar<\/span>\n    <\/div>\n<\/div><div class=\"services__card\">\n    <div class=\"services__card--front\">\n\t\t<img decoding=\"async\" class=\"services__bg\" src=\"https:\/\/www.wygroup.net\/wp-content\/uploads\/2022\/02\/consultancy-jpg.webp\" alt=\"\" \/>\n\t\t<h3 class=\"services__title\">Consultoria de Media &amp; Rela\u00e7\u00f5es P\u00fablicas<\/h3>\n\t\t<p class=\"services__description\">\n\t\t\tDefinimos mensagens e abordagens focadas nos valores, miss\u00e3o e caracter\u00edsticas espec\u00edficas da tua empresa, adaptando \u00e0s diferentes audi\u00eancias, refor\u00e7ando da imagem institucional.\t\t<\/p>\n\t\t<button class=\"services__open\" aria-label=\"Abrir\"><\/button\n\t\t><span class=\"services__see\">V\u00ea as nossas empresas<\/span>\n    <\/div>\n    <div class=\"services__card--back\">\n\t\t<h3 class=\"services__title\">Consultoria de Media &amp; Rela\u00e7\u00f5es P\u00fablicas<\/h3>\n\t\t<div class=\"services__content\">\n\t\t\t\n<ul class=\"wp-block-list\">\n<li><a href=\"https:\/\/www.wygroup.net\/pt-pt\/crafts\/bloomcast\/\">BloomCast<\/a><\/li>\n<\/ul>\n\t\t<\/div> \n\t\t<button class=\"services__close\" aria-label=\"Close card\"><\/button\n\t\t><span class=\"services__see close\">Fechar<\/span>\n    <\/div>\n<\/div><div class=\"services__card\">\n    <div class=\"services__card--front\">\n\t\t<img decoding=\"async\" class=\"services__bg\" src=\"https:\/\/www.wygroup.net\/wp-content\/uploads\/2022\/02\/uxui-jpg.webp\" alt=\"\" \/>\n\t\t<h3 class=\"services__title\">SEO &amp; Otimiza\u00e7\u00e3o Digital<\/h3>\n\t\t<p class=\"services__description\">\n\t\t\tGerimos tr\u00e1fego org\u00e2nico e reduzimos o seu custo por aquisi\u00e7\u00e3o otimizando sites e conte\u00fados. \t\t<\/p>\n\t\t<button class=\"services__open\" aria-label=\"Abrir\"><\/button\n\t\t><span class=\"services__see\">V\u00ea as nossas empresas<\/span>\n    <\/div>\n    <div class=\"services__card--back\">\n\t\t<h3 class=\"services__title\">SEO &amp; Otimiza\u00e7\u00e3o Digital<\/h3>\n\t\t<div class=\"services__content\">\n\t\t\t\n<ul class=\"wp-block-list\">\n<li><a href=\"https:\/\/www.wygroup.net\/pt-pt\/crafts\/wyperformance\/\">WYperformance<\/a><\/li>\n<\/ul>\n\t\t<\/div> \n\t\t<button class=\"services__close\" aria-label=\"Close card\"><\/button\n\t\t><span class=\"services__see close\">Fechar<\/span>\n    <\/div>\n<\/div><div class=\"services__card\">\n    <div class=\"services__card--front\">\n\t\t<img decoding=\"async\" class=\"services__bg\" src=\"https:\/\/www.wygroup.net\/wp-content\/uploads\/2022\/02\/social-jpg.webp\" alt=\"\" \/>\n\t\t<h3 class=\"services__title\">Gest\u00e3o de Social Media<\/h3>\n\t\t<p class=\"services__description\">\n\t\t\tCriamos a estrat\u00e9gia, planeamento, conceito e conte\u00fado com base em dados e criatividade. Gerimos plataformas e comunidades para marcas B2B e B2C. \t\t<\/p>\n\t\t<button class=\"services__open\" aria-label=\"Abrir\"><\/button\n\t\t><span class=\"services__see\">V\u00ea as nossas empresas<\/span>\n    <\/div>\n    <div class=\"services__card--back\">\n\t\t<h3 class=\"services__title\">Gest\u00e3o de Social Media<\/h3>\n\t\t<div class=\"services__content\">\n\t\t\t\n<ul class=\"wp-block-list\">\n<li><a href=\"https:\/\/www.wygroup.net\/pt-pt\/crafts\/bloomcast\/\">BloomCast<\/a><\/li>\n\n\n\n<li><a href=\"https:\/\/www.wygroup.net\/pt-pt\/crafts\/white-way\/\">White<\/a><\/li>\n\n\n\n<li><a href=\"https:\/\/www.wygroup.net\/pt-pt\/crafts\/wycreative\/\">WYcreative<\/a><\/li>\n\n\n\n<li><a href=\"https:\/\/www.wygroup.net\/pt-pt\/crafts\/wyperformance\/\">WYperformance<\/a><\/li>\n<\/ul>\n\t\t<\/div> \n\t\t<button class=\"services__close\" aria-label=\"Close card\"><\/button\n\t\t><span class=\"services__see close\">Fechar<\/span>\n    <\/div>\n<\/div><div class=\"services__card\">\n    <div class=\"services__card--front\">\n\t\t<img decoding=\"async\" class=\"services__bg\" src=\"https:\/\/www.wygroup.net\/wp-content\/uploads\/2022\/02\/cro-jpg.webp\" alt=\"\" \/>\n\t\t<h3 class=\"services__title\">Educa\u00e7\u00e3o Especializada em Marketing Digital<\/h3>\n\t\t<p class=\"services__description\">\n\t\t\tCursos de curta e longa dura\u00e7\u00e3o, online e presenciais, forma\u00e7\u00e3o tailor-made para empresas e eventos gratuitos de best practices e desenvolvimento de know-how.\t\t<\/p>\n\t\t<button class=\"services__open\" aria-label=\"Abrir\"><\/button\n\t\t><span class=\"services__see\">V\u00ea as nossas empresas<\/span>\n    <\/div>\n    <div class=\"services__card--back\">\n\t\t<h3 class=\"services__title\">Educa\u00e7\u00e3o Especializada em Marketing Digital<\/h3>\n\t\t<div class=\"services__content\">\n\t\t\t\n<ul class=\"wp-block-list\">\n<li><a href=\"https:\/\/www.wygroup.net\/pt-pt\/crafts\/lisbon-digital-school\/\">Lisbon Digital School<\/a><\/li>\n<\/ul>\n\t\t<\/div> \n\t\t<button class=\"services__close\" aria-label=\"Close card\"><\/button\n\t\t><span class=\"services__see close\">Fechar<\/span>\n    <\/div>\n<\/div><div class=\"services__card\">\n    <div class=\"services__card--front\">\n\t\t<img decoding=\"async\" class=\"services__bg\" src=\"https:\/\/www.wygroup.net\/wp-content\/uploads\/2022\/02\/consultancy-jpg.webp\" alt=\"\" \/>\n\t\t<h3 class=\"services__title\">User Experience &amp; Design<\/h3>\n\t\t<p class=\"services__description\">\n\t\t\tCriamos ou otimizamos uma marca digital que chame a aten\u00e7\u00e3o do cliente e fa\u00e7a o fa\u00e7a agir.\t\t<\/p>\n\t\t<button class=\"services__open\" aria-label=\"Abrir\"><\/button\n\t\t><span class=\"services__see\">V\u00ea as nossas empresas<\/span>\n    <\/div>\n    <div class=\"services__card--back\">\n\t\t<h3 class=\"services__title\">User Experience &amp; Design<\/h3>\n\t\t<div class=\"services__content\">\n\t\t\t\n<ul class=\"wp-block-list\">\n<li><a href=\"https:\/\/www.wygroup.net\/pt-pt\/crafts\/bliss-applications\/\">Bliss Applications<\/a><\/li>\n\n\n\n<li><a href=\"https:\/\/www.wygroup.net\/pt-pt\/crafts\/white-way\/\">White<\/a><\/li>\n\n\n\n<li><a href=\"https:\/\/www.wygroup.net\/pt-pt\/crafts\/wycreative\/\">WYcreative<\/a><\/li>\n\n\n\n<li><a href=\"https:\/\/www.wygroup.net\/pt-pt\/performance-sales-e-agora-wyperformance\/wyperformance\/\">WYperformance<\/a><\/li>\n<\/ul>\n\n<p><\/p>\n\t\t<\/div> \n\t\t<button class=\"services__close\" aria-label=\"Close card\"><\/button\n\t\t><span class=\"services__see close\">Fechar<\/span>\n    <\/div>\n<\/div><div class=\"services__card\">\n    <div class=\"services__card--front\">\n\t\t<img decoding=\"async\" class=\"services__bg\" src=\"https:\/\/www.wygroup.net\/wp-content\/uploads\/2022\/02\/development-jpg.webp\" alt=\"\" \/>\n\t\t<h3 class=\"services__title\">Desenvolvimento Web &amp; eCommerce<\/h3>\n\t\t<p class=\"services__description\">\n\t\t\tBack-end, front-end, iOS, Android, WordPress, apps, tu escolhes! Criamos solu\u00e7\u00f5es que respondem \u00e0s tuas necessidades e apoiam os esfor\u00e7os gerais de marketing digital.\t\t<\/p>\n\t\t<button class=\"services__open\" aria-label=\"Abrir\"><\/button\n\t\t><span class=\"services__see\">V\u00ea as nossas empresas<\/span>\n    <\/div>\n    <div class=\"services__card--back\">\n\t\t<h3 class=\"services__title\">Desenvolvimento Web &amp; eCommerce<\/h3>\n\t\t<div class=\"services__content\">\n\t\t\t\n<ul class=\"wp-block-list\">\n<li><a href=\"https:\/\/www.wygroup.net\/pt-pt\/crafts\/bliss-applications\/\">Bliss Applications<\/a><\/li>\n\n\n\n<li><a href=\"https:\/\/www.wygroup.net\/pt-pt\/crafts\/wycreative\/\">WYcreative<\/a><\/li>\n\n\n\n<li><a href=\"https:\/\/www.wygroup.net\/pt-pt\/crafts\/wyperformance\/\">WYperformance<\/a><\/li>\n<\/ul>\n\t\t<\/div> \n\t\t<button class=\"services__close\" aria-label=\"Close card\"><\/button\n\t\t><span class=\"services__see close\">Fechar<\/span>\n    <\/div>\n<\/div>                <\/div>\n            \n        <\/section>\n    \n    ","protected":false},"excerpt":{"rendered":"","protected":false},"author":1,"featured_media":0,"parent":0,"menu_order":0,"comment_status":"closed","ping_status":"closed","template":"","meta":{"inline_featured_image":false,"footnotes":""},"class_list":["post-1153","page","type-page","status-publish","hentry"],"_links":{"self":[{"href":"https:\/\/www.wygroup.net\/pt-pt\/wp-json\/wp\/v2\/pages\/1153","targetHints":{"allow":["GET"]}}],"collection":[{"href":"https:\/\/www.wygroup.net\/pt-pt\/wp-json\/wp\/v2\/pages"}],"about":[{"href":"https:\/\/www.wygroup.net\/pt-pt\/wp-json\/wp\/v2\/types\/page"}],"author":[{"embeddable":true,"href":"https:\/\/www.wygroup.net\/pt-pt\/wp-json\/wp\/v2\/users\/1"}],"replies":[{"embeddable":true,"href":"https:\/\/www.wygroup.net\/pt-pt\/wp-json\/wp\/v2\/comments?post=1153"}],"version-history":[{"count":18,"href":"https:\/\/www.wygroup.net\/pt-pt\/wp-json\/wp\/v2\/pages\/1153\/revisions"}],"predecessor-version":[{"id":3666,"href":"https:\/\/www.wygroup.net\/pt-pt\/wp-json\/wp\/v2\/pages\/1153\/revisions\/3666"}],"wp:attachment":[{"href":"https:\/\/www.wygroup.net\/pt-pt\/wp-json\/wp\/v2\/media?parent=1153"}],"curies":[{"name":"wp","href":"https:\/\/api.w.org\/{rel}","templated":true}]}}