{"id":1146,"date":"2022-11-17T11:04:32","date_gmt":"2022-11-17T11:04:32","guid":{"rendered":"https:\/\/wygroup.psales.pt\/nervo\/"},"modified":"2024-02-05T11:41:48","modified_gmt":"2024-02-05T11:41:48","slug":"nervo","status":"publish","type":"page","link":"https:\/\/www.wygroup.net\/pt-pt\/crafts-os-nossos-servicos\/nervo\/","title":{"rendered":"NERVO"},"content":{"rendered":"\n\t<main class=\"main  main--internal main--nervo\">\n\t\t\n\t\t\n\t\t<div class=\"wrapper\">\n\n\t\t\t\t\t\t\t<h1>NERVO<\/h1>\n\t\t\t\t\t\t\n\t\t<\/div>\n\n\t\t<a class=\"main__scroll\" href=\"#services\" title=\"V\u00ea todos os nossos servi\u00e7os\"><\/a>\n\n\t<\/main>\n\t\n\t\n\n\n<section class=\"wp-block-group section section__about\"><div class=\"wp-block-group__inner-container is-layout-flow wp-block-group-is-layout-flow\"><div class=\"wp-block-image\">\n<figure class=\"aligncenter size-full is-resized\"><img loading=\"lazy\" decoding=\"async\" width=\"800\" height=\"566\" src=\"https:\/\/www.wygroup.net\/wp-content\/uploads\/2022\/02\/PAPEL_Gradient_RGB.png\" alt=\"\" class=\"wp-image-687\" style=\"width:358px;height:253px\" srcset=\"https:\/\/www.wygroup.net\/wp-content\/uploads\/2022\/02\/PAPEL_Gradient_RGB.png 800w, https:\/\/www.wygroup.net\/wp-content\/uploads\/2022\/02\/PAPEL_Gradient_RGB-300x212.png 300w, https:\/\/www.wygroup.net\/wp-content\/uploads\/2022\/02\/PAPEL_Gradient_RGB-768x543.png 768w\" sizes=\"auto, (max-width: 800px) 100vw, 800px\" \/><\/figure>\n<\/div>\n\n\n<h2 class=\"wp-block-heading section__title section__title--left\" id=\"we-are-creative-but-data-comes-first-pleased-to-meet-you\">NERVO \u00e9 Brand Entertainment. <\/h2>\n\n\n\n<h2 class=\"wp-block-heading section__title section__title--left\" id=\"we-are-creative-but-data-comes-first-pleased-to-meet-you\">Para pessoas, por meio de marcas. <\/h2>\n\n\n\n<p class=\"section__copy\">A NERVO \u00e9 uma ag\u00eancia de Brand Entertainment focada em fornecer experi\u00eancias aut\u00eanticas e relevantes para as pessoas, por meio de marcas. <\/p>\n\n\n\n<p class=\"section__copy\">Cultura, arte, m\u00fasica, viagens, desporto, jogos. O processo de cria\u00e7\u00e3o e descoberta s\u00e3o realmente o que nos alimenta e est\u00e1 no centro de tudo o que fazemos. <\/p>\n\n\n\n<p class=\"section__copy\">O nosso objetivo \u00e9 criar a\u00e7\u00f5es com impacto social e cultural, onde a relev\u00e2ncia \u00e9 imposta \u00e0 criatividade para gerar rea\u00e7\u00f5es. <\/p>\n\n\n\n<p class=\"section__copy\">A nossa equipa \u00e9 capaz de pensar, projetar, produzir e administrar um amplo leque de plataformas de eventos \/ entretenimento, encarando cada desafio de forma personalizada. Eventos pr\u00f3prios, eventos de lan\u00e7amento, ativa\u00e7\u00e3o e design de festivais, ativa\u00e7\u00e3o de patroc\u00ednios, inaugura\u00e7\u00f5es de lojas, manobras de guerrilha e reuni\u00f5es corporativas exclusivas s\u00e3o apenas alguns exemplos do que temos feito. <\/p>\n\n\n\n<p class=\"section__copy\">A nossa estrat\u00e9gia para cada projeto \u00e9 baseada em tr\u00eas pilares: <\/p>\n\n\n\n<p class=\"section__copy\"><strong>Primeiro as pessoas, depois as marcas.<\/strong><\/p>\n\n\n\n<p class=\"section__copy\"><strong>Mais do que ser diferentes, pretendemos ser relevantes.<\/strong><\/p>\n\n\n\n<p class=\"section__copy\"><strong>Quantidade n\u00e3o \u00e9 necessariamente qualidade.<\/strong><\/p>\n\n\n\n<p class=\"section__copy\"><a href=\"http:\/\/www.nervo.pt\/\" data-type=\"link\" data-id=\"http:\/\/www.nervo.pt\/\" target=\"_blank\" rel=\"noopener\"><strong><mark style=\"background-color:rgba(0, 0, 0, 0)\" class=\"has-inline-color has-luminous-vivid-amber-color\">V\u00ca O NOSSO WEBSITE<\/mark><\/strong><\/a> <\/p>\n<\/div><\/section>\n\n\n\n<h2 class=\"wp-block-heading section__title section__title--left\" id=\"our-story\">O nosso Expertise<\/h2>\n\n\n\n<ul class=\"section__copy list_style_inside wp-block-list\">\n<li>Ativa\u00e7\u00e3o de Marca<\/li>\n\n\n\n<li>Criatividade<\/li>\n\n\n\n<li>Conte\u00fado de Marca<\/li>\n\n\n\n<li>Entretenimento<\/li>\n\n\n\n<li>Eventos<\/li>\n\n\n\n<li>Produ\u00e7\u00e3o<\/li>\n<\/ul>\n\n\n\n<p class=\"section__copy\"><br><\/p>\n\n\n\n<figure class=\"wp-block-embed is-type-video is-provider-youtube wp-block-embed-youtube wp-embed-aspect-16-9 wp-has-aspect-ratio section__copy fullWidthYoutube\"><div class=\"wp-block-embed__wrapper\">\n<iframe loading=\"lazy\" title=\"Reel - NERVO\" width=\"500\" height=\"281\" src=\"https:\/\/www.youtube.com\/embed\/8fh2caelrQw?feature=oembed\" frameborder=\"0\" allow=\"accelerometer; autoplay; clipboard-write; encrypted-media; gyroscope; picture-in-picture; web-share\" referrerpolicy=\"strict-origin-when-cross-origin\" allowfullscreen><\/iframe>\n<\/div><\/figure>\n","protected":false},"excerpt":{"rendered":"<p>NERVO \u00e9 Brand Entertainment. Para pessoas, por meio de marcas. A NERVO \u00e9 uma ag\u00eancia de Brand Entertainment focada em fornecer experi\u00eancias aut\u00eanticas e relevantes para as pessoas, por meio de marcas. Cultura, arte, m\u00fasica, viagens, desporto, jogos. O processo de cria\u00e7\u00e3o e descoberta s\u00e3o realmente o que nos alimenta e est\u00e1 no centro de [&hellip;]<\/p>\n","protected":false},"author":7,"featured_media":0,"parent":1153,"menu_order":0,"comment_status":"closed","ping_status":"closed","template":"","meta":{"inline_featured_image":false,"footnotes":""},"class_list":["post-1146","page","type-page","status-publish","hentry"],"_links":{"self":[{"href":"https:\/\/www.wygroup.net\/pt-pt\/wp-json\/wp\/v2\/pages\/1146","targetHints":{"allow":["GET"]}}],"collection":[{"href":"https:\/\/www.wygroup.net\/pt-pt\/wp-json\/wp\/v2\/pages"}],"about":[{"href":"https:\/\/www.wygroup.net\/pt-pt\/wp-json\/wp\/v2\/types\/page"}],"author":[{"embeddable":true,"href":"https:\/\/www.wygroup.net\/pt-pt\/wp-json\/wp\/v2\/users\/7"}],"replies":[{"embeddable":true,"href":"https:\/\/www.wygroup.net\/pt-pt\/wp-json\/wp\/v2\/comments?post=1146"}],"version-history":[{"count":11,"href":"https:\/\/www.wygroup.net\/pt-pt\/wp-json\/wp\/v2\/pages\/1146\/revisions"}],"predecessor-version":[{"id":7074,"href":"https:\/\/www.wygroup.net\/pt-pt\/wp-json\/wp\/v2\/pages\/1146\/revisions\/7074"}],"up":[{"embeddable":true,"href":"https:\/\/www.wygroup.net\/pt-pt\/wp-json\/wp\/v2\/pages\/1153"}],"wp:attachment":[{"href":"https:\/\/www.wygroup.net\/pt-pt\/wp-json\/wp\/v2\/media?parent=1146"}],"curies":[{"name":"wp","href":"https:\/\/api.w.org\/{rel}","templated":true}]}}