{"id":1144,"date":"2022-11-17T11:50:50","date_gmt":"2022-11-17T11:50:50","guid":{"rendered":"https:\/\/wygroup.psales.pt\/lisbon-digital-school\/"},"modified":"2023-10-18T10:05:39","modified_gmt":"2023-10-18T10:05:39","slug":"lisbon-digital-school","status":"publish","type":"page","link":"https:\/\/www.wygroup.net\/pt-pt\/crafts-os-nossos-servicos\/lisbon-digital-school\/","title":{"rendered":"Lisbon Digital School"},"content":{"rendered":"\n\t<main class=\"main  main--internal main--lisbon-digital-school\">\n\t\t\n\t\t\n\t\t<div class=\"wrapper\">\n\n\t\t\t\t\t\t\t<h1>Lisbon Digital School<\/h1>\n\t\t\t\t\t\t\n\t\t<\/div>\n\n\t\t<a class=\"main__scroll\" href=\"#services\" title=\"V\u00ea todos os nossos servi\u00e7os\"><\/a>\n\n\t<\/main>\n\t\n\t\n\n\n<section class=\"wp-block-group section section__about\"><div class=\"wp-block-group__inner-container is-layout-flow wp-block-group-is-layout-flow\"><div class=\"wp-block-image\">\n<figure class=\"aligncenter size-full is-resized\"><img loading=\"lazy\" decoding=\"async\" width=\"800\" height=\"473\" src=\"https:\/\/www.wygroup.net\/wp-content\/uploads\/2022\/02\/Lisbon-Digital-School-new-Logo.png\" alt=\"\" class=\"wp-image-2127\" style=\"width:326px;height:193px\" srcset=\"https:\/\/www.wygroup.net\/wp-content\/uploads\/2022\/02\/Lisbon-Digital-School-new-Logo.png 800w, https:\/\/www.wygroup.net\/wp-content\/uploads\/2022\/02\/Lisbon-Digital-School-new-Logo-300x177.png 300w, https:\/\/www.wygroup.net\/wp-content\/uploads\/2022\/02\/Lisbon-Digital-School-new-Logo-768x454.png 768w\" sizes=\"auto, (max-width: 800px) 100vw, 800px\" \/><\/figure>\n<\/div>\n\n\n<h2 class=\"wp-block-heading section__title section__title--left\" id=\"we-are-creative-but-data-comes-first-pleased-to-meet-you\"><br>A Lisbon Digital School \u00e9 uma escola de forma\u00e7\u00e3o em Marketing Digital, que pretende capacitar e desenvolver as compet\u00eancias das empresas e dos profissionais portugueses, atrav\u00e9s da mais completa experi\u00eancia formativa de marketing digital.<\/h2>\n\n\n\n<p class=\"section__copy\">Fundada em 2018, conta com mais de 5500 alunos e uma taxa m\u00e9dia de satisfa\u00e7\u00e3o de 9.4\/10. Os seus cursos, de curta e longa dura\u00e7\u00e3o, t\u00eam uma forte componente pr\u00e1tica e s\u00e3o lecionados por reputados profissionais que fazem parte da sua equipa formativa. Os conte\u00fados dos cursos s\u00e3o aplicados \u00e0s v\u00e1rias tem\u00e1ticas do Marketing Digital, como Marketing Automation, Programmatic Buying, SEO, Google Ads, Influencers Marketing, TikTok para Empresas, Youtube Marketing, E-mail Marketing, Facebook e Instagram Ads, etc.<\/p>\n\n\n\n<p class=\"section__copy\">A miss\u00e3o da Lisbon Digital School \u00e9 promover a educa\u00e7\u00e3o de excel\u00eancia e combater a iliteracia digital, sendo que promove diversas iniciativas gratuitas, de forma a contribuir para a digitaliza\u00e7\u00e3o do mercado e do Pa\u00eds.<\/p>\n\n\n\n<p class=\"section__copy\"><strong><mark style=\"background-color:rgba(0, 0, 0, 0)\" class=\"has-inline-color has-luminous-vivid-amber-color\"><a href=\"https:\/\/lisbondigitalschool.com\/\" data-type=\"link\" data-id=\"https:\/\/lisbondigitalschool.com\/\" target=\"_blank\" rel=\"noopener\">V\u00ca O NOSSO WEBSITE<\/a><\/mark><\/strong> <\/p>\n<\/div><\/section>\n\n\n\n<h2 class=\"wp-block-heading section__title section__title--left\" id=\"our-story\">O nosso Expertise<\/h2>\n\n\n\n<ul class=\"section__copy list_style_inside wp-block-list\">\n<li>Cursos e Eventos customizados<\/li>\n\n\n\n<li>Consultoria Digital para Empresas<\/li>\n\n\n\n<li>Cursos especializados em Marketing Digital para particulares e empresas<\/li>\n<\/ul>\n\n\n\n<p class=\"section__copy\"><\/p>\n","protected":false},"excerpt":{"rendered":"<p>A Lisbon Digital School \u00e9 uma escola de forma\u00e7\u00e3o em Marketing Digital, que pretende capacitar e desenvolver as compet\u00eancias das empresas e dos profissionais portugueses, atrav\u00e9s da mais completa experi\u00eancia formativa de marketing digital. Fundada em 2018, conta com mais de 5500 alunos e uma taxa m\u00e9dia de satisfa\u00e7\u00e3o de 9.4\/10. Os seus cursos, de [&hellip;]<\/p>\n","protected":false},"author":7,"featured_media":0,"parent":1153,"menu_order":0,"comment_status":"closed","ping_status":"closed","template":"","meta":{"inline_featured_image":false,"footnotes":""},"class_list":["post-1144","page","type-page","status-publish","hentry"],"_links":{"self":[{"href":"https:\/\/www.wygroup.net\/pt-pt\/wp-json\/wp\/v2\/pages\/1144","targetHints":{"allow":["GET"]}}],"collection":[{"href":"https:\/\/www.wygroup.net\/pt-pt\/wp-json\/wp\/v2\/pages"}],"about":[{"href":"https:\/\/www.wygroup.net\/pt-pt\/wp-json\/wp\/v2\/types\/page"}],"author":[{"embeddable":true,"href":"https:\/\/www.wygroup.net\/pt-pt\/wp-json\/wp\/v2\/users\/7"}],"replies":[{"embeddable":true,"href":"https:\/\/www.wygroup.net\/pt-pt\/wp-json\/wp\/v2\/comments?post=1144"}],"version-history":[{"count":5,"href":"https:\/\/www.wygroup.net\/pt-pt\/wp-json\/wp\/v2\/pages\/1144\/revisions"}],"predecessor-version":[{"id":3341,"href":"https:\/\/www.wygroup.net\/pt-pt\/wp-json\/wp\/v2\/pages\/1144\/revisions\/3341"}],"up":[{"embeddable":true,"href":"https:\/\/www.wygroup.net\/pt-pt\/wp-json\/wp\/v2\/pages\/1153"}],"wp:attachment":[{"href":"https:\/\/www.wygroup.net\/pt-pt\/wp-json\/wp\/v2\/media?parent=1144"}],"curies":[{"name":"wp","href":"https:\/\/api.w.org\/{rel}","templated":true}]}}