{"id":1138,"date":"2022-11-07T10:03:27","date_gmt":"2022-11-07T10:03:27","guid":{"rendered":"https:\/\/wygroup.psales.pt\/cultura\/"},"modified":"2025-07-31T14:50:08","modified_gmt":"2025-07-31T14:50:08","slug":"cultura","status":"publish","type":"page","link":"https:\/\/www.wygroup.net\/pt-pt\/cultura\/","title":{"rendered":"Cultura"},"content":{"rendered":"\n\t<main class=\"main  main--internal main--cultura\">\n\t\t\n\t\t\n\t\t<div class=\"wrapper\">\n\n\t\t\t\t\t\t\t<h1>Cultura<\/h1>\n\t\t\t\t\t\t\n\t\t<\/div>\n\n\t\t<a class=\"main__scroll\" href=\"#services\" title=\"V\u00ea todos os nossos servi\u00e7os\"><\/a>\n\n\t<\/main>\n\t\n\t\n\n\n<section class=\"wp-block-group section section__about\"><div class=\"wp-block-group__inner-container is-layout-flow wp-block-group-is-layout-flow\">\n<h1 class=\"wp-block-heading section__title section__title--left\" id=\"we-are-creative-but-data-comes-first-pleased-to-meet-you\"><strong>Um sonho partilhado<\/strong><\/h1>\n\n\n\n<h2 class=\"wp-block-heading section__title section__title--left\" id=\"we-are-creative-but-data-comes-first-pleased-to-meet-you\">As nossas experi\u00eancias ampliam os nossos horizontes.<\/h2>\n\n\n\n<p class=\"section__copy\">Tudo o que fazemos \u00e9 suportado por uma forte cultura interna, que se transmite em todos os n\u00edveis da nossa estrutura, e que tem vindo a ser a nossa aposta ao longo dos anos. \u00c9, para n\u00f3s, condi\u00e7\u00e3o essencial a otimiza\u00e7\u00e3o de uma experi\u00eancia que promova o bem-estar f\u00edsico e psicol\u00f3gico, bem como um espa\u00e7o de trabalho e a\u00e7\u00f5es que visem o crescimento e desenvolvimento de todos os nossos colaboradores porque equipas felizes e saud\u00e1veis s\u00e3o mais produtivas e os melhores ativos de qualquer organiza\u00e7\u00e3o.<\/p>\n<\/div><\/section>\n\n\n\n\t<section class=\"clear section section__media\">\n\t\t<h2 class=\"section__title section__title--center\">\n\t\t\tV\u00ea o nosso Escrit\u00f3rio<br>N\u00f3s chamamos-lhe a nossa Casa da Praia:\t\t<\/h2>\n\n\t\t\n\t\t<div class=\"section__video\" data-url=\"https:\/\/www.wygroup.net\/wp-content\/uploads\/2025\/07\/WYGROUP_SHAPED_25-1.mp4\">\n\t<video id=\"about-video\" controls>\n\t\t<source src=\"\" type=\"video\/mp4\">\n\t<\/video>\n\t<button class=\"button video__button button--full button--visible\" style=\"background-image: url(https:\/\/www.wygroup.net\/wp-content\/uploads\/2025\/07\/WYGROUP_SHAPED_25-1.mp4)\">\n\t\t<span class=\"button--text\">Ver V\u00eddeo<\/span>\n\t\t<i class=\"fas fa-play\"><\/i>\n\t<\/button>\n<\/div>\n    \n\n\n\t\t<h2 class=\"section__title section__title--left gallery__title\">\n\t\t\tGaleria\t\t<\/h2>\n\n\t\t\n\t\t\t\t\t<ul \n\t\t\t\tclass=\"gallery\" \n\t\t\t\tid=\"gallery__slider\" \n\t\t\t\trole=\"group\"\n\t\t\t\taria-roledescription=\"carousel\"\n\t\t\t\taria-live=\"polite\"\n\t\t\t>\n\t\t\t\t<li \n\tclass=\"gallery__photo\"\n\taria-role=\"img\" \n\taria-roledescription=\"slide\" \n\taria-label=\"Photo 1\"\n>\n\t<img decoding=\"async\" src=\"https:\/\/www.wygroup.net\/wp-content\/uploads\/2022\/03\/galeria3-jpg.webp\" alt=\"Entrada principal e passadi\u00e7o para as nossas mesas partilhadas\" \/>\n<\/li><li \n\tclass=\"gallery__photo\"\n\taria-role=\"img\" \n\taria-roledescription=\"slide\" \n\taria-label=\"Photo 2\"\n>\n\t<img decoding=\"async\" src=\"https:\/\/www.wygroup.net\/wp-content\/uploads\/2023\/09\/0Q9A3158-Edit.jpg\" alt=\"Passadi\u00e7o ao longo do Working Space\" \/>\n<\/li><li \n\tclass=\"gallery__photo\"\n\taria-role=\"img\" \n\taria-roledescription=\"slide\" \n\taria-label=\"Photo 3\"\n>\n\t<img decoding=\"async\" src=\"https:\/\/www.wygroup.net\/wp-content\/uploads\/2023\/09\/WYgroup-corredor-jpg.webp\" alt=\"Passadi\u00e7o e salas de reuni\u00f5es na nossa Casa da Praia\" \/>\n<\/li><li \n\tclass=\"gallery__photo\"\n\taria-role=\"img\" \n\taria-roledescription=\"slide\" \n\taria-label=\"Photo 4\"\n>\n\t<img decoding=\"async\" src=\"https:\/\/www.wygroup.net\/wp-content\/uploads\/2022\/03\/galeria2-jpg.webp\" alt=\"Passadi\u00e7o e salas de reuni\u00f5es na nossa Casa da Praia\" \/>\n<\/li><li \n\tclass=\"gallery__photo\"\n\taria-role=\"img\" \n\taria-roledescription=\"slide\" \n\taria-label=\"Photo 5\"\n>\n\t<img decoding=\"async\" src=\"https:\/\/www.wygroup.net\/wp-content\/uploads\/2023\/09\/0Q9A3312-Edit.jpg\" alt=\"Anfiteatro\" \/>\n<\/li><li \n\tclass=\"gallery__photo\"\n\taria-role=\"img\" \n\taria-roledescription=\"slide\" \n\taria-label=\"Photo 6\"\n>\n\t<img decoding=\"async\" src=\"https:\/\/www.wygroup.net\/wp-content\/uploads\/2021\/12\/Mask-Group-154-jpg.webp\" alt=\"Sala de Reuni\u00e3o\" \/>\n<\/li>\t\t\t<\/ul>\n\n\t\t\t<nav class=\"gallery__nav\">\n\t\t\t\t<button class=\"gallery__button gallery__button--prev\" aria-label=\"Foto anterior\" aria-controls=\"gallery__slider\" disabled><\/button>\n\t\t\t\t<button class=\"gallery__button gallery__button--next\" aria-label=\"Next photo\" aria-controls=\"gallery__slider\"><\/button>\n\t\t\t<\/nav>\n\n\t\t\n\t<\/section>\n\n    \n\n\n<section class=\"wp-block-group section section__story\"><div class=\"wp-block-group__inner-container is-layout-flow wp-block-group-is-layout-flow\">\n<h2 class=\"wp-block-heading section__title section__title--left\" id=\"our-story\"><strong>Somos felizes no trabalho<\/strong><\/h2>\n\n\n\n<p class=\"section__copy\">Estamos, pelo quarto ano consecutivo, entre as melhores empresas de Portugal no estudo Happiness Works, uma iniciativa anual que distingue organiza\u00e7\u00f5es que prioritizam a satisfa\u00e7\u00e3o, o envolvimento e a felicidade dos seus colaboradores. Este reconhecimento refor\u00e7a, na nossa cultura, o nosso compromisso em promover um ambiente de trabalho positivo que prioritize o bem-estar de todos e que crie uma atmosfera de apoio que promova a criatividade, a curiosidade, a colabora\u00e7\u00e3o e a inova\u00e7\u00e3o.<\/p>\n\n\n\n<p class=\"section__copy\"><\/p>\n<\/div><\/section>\n\n\n\n<section class=\"wp-block-group section section__story\"><div class=\"wp-block-group__inner-container is-layout-flow wp-block-group-is-layout-flow\">\n<h2 class=\"wp-block-heading section__title section__title--left\" id=\"our-story\"><strong>Estamos comprometidos com a seguran\u00e7a da informa\u00e7\u00e3o<\/strong><\/h2>\n\n\n\n<p class=\"section__copy\">O WYgroup est\u00e1 na vanguarda da gest\u00e3o da seguran\u00e7a da informa\u00e7\u00e3o com a certifica\u00e7\u00e3o ISO27001, estando comprometido em garantir a seguran\u00e7a dos seus dados, em proteger a informa\u00e7\u00e3o de todos os clientes, colaboradores e parceiros, e em estar preparado para lidar com as amea\u00e7as \u00e0 seguran\u00e7a atendendo aos mais altos padr\u00f5es internacionais.<\/p>\n\n\n\n<p class=\"section__copy\"><\/p>\n<\/div><\/section>\n\n\n\n<section class=\"wp-block-group section section__story\"><div class=\"wp-block-group__inner-container is-layout-flow wp-block-group-is-layout-flow\">\n<h2 class=\"wp-block-heading section__title section__title--left\" id=\"our-story\"><strong>Temos um papel ativo na sociedade<\/strong><\/h2>\n\n\n\n<p class=\"section__copy\">A abordagem \u00e0 Responsabilidade Social Corporativa est\u00e1 diretamente ligada ao objetivo do WYgroup em ser significativo e assumir a responsabilidade pelo seu impacto na sociedade. Acreditamos em ser social e ambientalmente respons\u00e1veis, procurando o \u201cvalor partilhado\u201d, por isso o WYgroup e as suas empresas fazem parte do GRACE \u2013 Empresas Respons\u00e1veis.<br>Desde 2009, o WYgroup desenvolveu um Programa de Responsabilidade Social interno, que promove anualmente v\u00e1rias iniciativas, internas e externas. Este projeto abrange todas as empresas do grupo e entre essas atividades, promovemos a doa\u00e7\u00e3o de sangue, somos volunt\u00e1rios em eventos de recolha de fundos para institui\u00e7\u00f5es e damos apoio pro-bono a diversas institui\u00e7\u00f5es nacionais e estrangeiras, tais como:<\/p>\n\n\n\n<p class=\"section__copy\"><\/p>\n<\/div><\/section>\n\n\n\n<div class=\"wp-block-group section__copy\"><div class=\"wp-block-group__inner-container is-layout-constrained wp-block-group-is-layout-constrained\">\n<div class=\"wp-block-columns is-layout-flex wp-container-core-columns-is-layout-9d6595d7 wp-block-columns-is-layout-flex\">\n<div class=\"wp-block-column is-layout-flow wp-block-column-is-layout-flow\">\n<figure class=\"wp-block-image size-full centerImg\"><img loading=\"lazy\" decoding=\"async\" width=\"259\" height=\"153\" src=\"https:\/\/www.wygroup.net\/wp-content\/uploads\/2023\/07\/01-academiaDosChamos.png\" alt=\"\" class=\"wp-image-1933\"\/><\/figure>\n\n\n\n<figure class=\"wp-block-image size-full centerImg\"><img loading=\"lazy\" decoding=\"async\" width=\"259\" height=\"153\" src=\"https:\/\/www.wygroup.net\/wp-content\/uploads\/2023\/07\/09-fedDespPessDef.png\" alt=\"\" class=\"wp-image-1960\"\/><\/figure>\n<\/div>\n\n\n\n<div class=\"wp-block-column is-layout-flow wp-block-column-is-layout-flow\">\n<figure class=\"wp-block-image size-full centerImg\"><img loading=\"lazy\" decoding=\"async\" width=\"259\" height=\"153\" src=\"https:\/\/www.wygroup.net\/wp-content\/uploads\/2023\/07\/03-angelman.png\" alt=\"\" class=\"wp-image-1937\"\/><\/figure>\n\n\n\n<figure class=\"wp-block-image size-full centerImg\"><img loading=\"lazy\" decoding=\"async\" width=\"540\" height=\"319\" src=\"https:\/\/www.wygroup.net\/wp-content\/uploads\/2023\/09\/V01_FDG_LOGOS-CINZA-03.png\" alt=\"\" class=\"wp-image-3001\" srcset=\"https:\/\/www.wygroup.net\/wp-content\/uploads\/2023\/09\/V01_FDG_LOGOS-CINZA-03.png 540w, https:\/\/www.wygroup.net\/wp-content\/uploads\/2023\/09\/V01_FDG_LOGOS-CINZA-03-300x177.png 300w\" sizes=\"auto, (max-width: 540px) 100vw, 540px\" \/><\/figure>\n<\/div>\n\n\n\n<div class=\"wp-block-column is-layout-flow wp-block-column-is-layout-flow\">\n<figure class=\"wp-block-image size-full centerImg\"><img loading=\"lazy\" decoding=\"async\" width=\"259\" height=\"153\" src=\"https:\/\/www.wygroup.net\/wp-content\/uploads\/2023\/07\/06-casaSantoAntonio.png\" alt=\"\" class=\"wp-image-1953\"\/><\/figure>\n\n\n\n<figure class=\"wp-block-image size-full centerImg\"><img loading=\"lazy\" decoding=\"async\" width=\"259\" height=\"153\" src=\"https:\/\/www.wygroup.net\/wp-content\/uploads\/2023\/07\/12-ligaPorCancro.png\" alt=\"\" class=\"wp-image-1968\"\/><\/figure>\n<\/div>\n\n\n\n<div class=\"wp-block-column is-layout-flow wp-block-column-is-layout-flow\">\n<figure class=\"wp-block-image size-full centerImg\"><img loading=\"lazy\" decoding=\"async\" width=\"259\" height=\"153\" src=\"https:\/\/www.wygroup.net\/wp-content\/uploads\/2023\/07\/07-entreajuda.png\" alt=\"\" class=\"wp-image-1955\"\/><\/figure>\n\n\n\n<figure class=\"wp-block-image size-full centerImg\"><img loading=\"lazy\" decoding=\"async\" width=\"259\" height=\"153\" src=\"https:\/\/www.wygroup.net\/wp-content\/uploads\/2023\/07\/13-makeAwish.png\" alt=\"\" class=\"wp-image-1970\"\/><\/figure>\n<\/div>\n<\/div>\n\n\n\n<div class=\"wp-block-columns is-layout-flex wp-container-core-columns-is-layout-9d6595d7 wp-block-columns-is-layout-flex\">\n<div class=\"wp-block-column is-layout-flow wp-block-column-is-layout-flow\">\n<p><\/p>\n<\/div>\n<\/div>\n<\/div><\/div>\n\n\n\n<p><\/p>\n","protected":false},"excerpt":{"rendered":"<p>Um sonho partilhado As nossas experi\u00eancias ampliam os nossos horizontes. Tudo o que fazemos \u00e9 suportado por uma forte cultura interna, que se transmite em todos os n\u00edveis da nossa estrutura, e que tem vindo a ser a nossa aposta ao longo dos anos. \u00c9, para n\u00f3s, condi\u00e7\u00e3o essencial a otimiza\u00e7\u00e3o de uma experi\u00eancia que [&hellip;]<\/p>\n","protected":false},"author":7,"featured_media":0,"parent":0,"menu_order":0,"comment_status":"closed","ping_status":"closed","template":"","meta":{"inline_featured_image":false,"footnotes":""},"class_list":["post-1138","page","type-page","status-publish","hentry"],"_links":{"self":[{"href":"https:\/\/www.wygroup.net\/pt-pt\/wp-json\/wp\/v2\/pages\/1138","targetHints":{"allow":["GET"]}}],"collection":[{"href":"https:\/\/www.wygroup.net\/pt-pt\/wp-json\/wp\/v2\/pages"}],"about":[{"href":"https:\/\/www.wygroup.net\/pt-pt\/wp-json\/wp\/v2\/types\/page"}],"author":[{"embeddable":true,"href":"https:\/\/www.wygroup.net\/pt-pt\/wp-json\/wp\/v2\/users\/7"}],"replies":[{"embeddable":true,"href":"https:\/\/www.wygroup.net\/pt-pt\/wp-json\/wp\/v2\/comments?post=1138"}],"version-history":[{"count":30,"href":"https:\/\/www.wygroup.net\/pt-pt\/wp-json\/wp\/v2\/pages\/1138\/revisions"}],"predecessor-version":[{"id":6869,"href":"https:\/\/www.wygroup.net\/pt-pt\/wp-json\/wp\/v2\/pages\/1138\/revisions\/6869"}],"wp:attachment":[{"href":"https:\/\/www.wygroup.net\/pt-pt\/wp-json\/wp\/v2\/media?parent=1138"}],"curies":[{"name":"wp","href":"https:\/\/api.w.org\/{rel}","templated":true}]}}