{"id":1134,"date":"2022-11-17T09:21:28","date_gmt":"2022-11-17T09:21:28","guid":{"rendered":"https:\/\/wygroup.psales.pt\/governanca-corporativa\/"},"modified":"2026-03-04T14:59:06","modified_gmt":"2026-03-04T14:59:06","slug":"governanca-corporativa","status":"publish","type":"page","link":"https:\/\/www.wygroup.net\/pt-pt\/sobre-nos\/governanca-corporativa\/","title":{"rendered":"Governan\u00e7a corporativa"},"content":{"rendered":"\n\t<main class=\"main  main--internal main--governanca-corporativa\">\n\t\t\n\t\t\n\t\t<div class=\"wrapper\">\n\n\t\t\t\t\t\t\t<h1>Governan\u00e7a corporativa<\/h1>\n\t\t\t\t\t\t\n\t\t<\/div>\n\n\t\t<a class=\"main__scroll\" href=\"#services\" title=\"V\u00ea todos os nossos servi\u00e7os\"><\/a>\n\n\t<\/main>\n\t\n\t\n\n\n<section class=\"wp-block-group section section__about\"><div class=\"wp-block-group__inner-container is-layout-flow wp-block-group-is-layout-flow\">\n<h2 class=\"wp-block-heading section__title section__title--left\" id=\"we-are-creative-but-data-comes-first-pleased-to-meet-you\">Transpar\u00eancia e responsabilidade<\/h2>\n\n\n\n<p class=\"section__copy\">O objetivo da governan\u00e7a corporativa do WYgroup \u00e9 promover uma gest\u00e3o positiva e eficaz, definindo e acompanhando a estrat\u00e9gia de atua\u00e7\u00e3o do grupo e assegurando a sua dire\u00e7\u00e3o. A promo\u00e7\u00e3o do nosso sucesso continuado, tem em conta os melhores interesses dos nossos acionistas e os requisitos da lei.<\/p>\n\n\n\n<p class=\"section__copy\">A Comiss\u00e3o Executiva do WYgroup \u00e9 composta por uma equipa de gest\u00e3o experiente, que se re\u00fane periodicamente para monitorizar e avaliar os procedimentos e o desempenho operacional e financeiro, no cumprimento das suas responsabilidades de supervis\u00e3o.<\/p>\n\n\n\n<div style=\"height:50px\" aria-hidden=\"true\" class=\"wp-block-spacer\"><\/div>\n\n\n\n<div class=\"wp-block-group about-galery\"><div class=\"wp-block-group__inner-container is-layout-constrained wp-block-group-is-layout-constrained\">\n<div class=\"wp-block-columns is-layout-flex wp-container-core-columns-is-layout-9d6595d7 wp-block-columns-is-layout-flex\">\n<div class=\"wp-block-column is-layout-flow wp-block-column-is-layout-flow\">\n<figure class=\"wp-block-image size-large governance-img\"><img data-dominant-color=\"8d8675\" data-has-transparency=\"false\" loading=\"lazy\" decoding=\"async\" width=\"640\" height=\"1024\" src=\"https:\/\/www.wygroup.net\/wp-content\/uploads\/2026\/03\/ALEXANDRE_SILVA-1-640x1024.webp\" alt=\"\" class=\"not-transparent wp-image-7225\" style=\"--dominant-color: #8d8675; aspect-ratio:0.6250133656485013\" srcset=\"https:\/\/www.wygroup.net\/wp-content\/uploads\/2026\/03\/ALEXANDRE_SILVA-1-640x1024.webp 640w, https:\/\/www.wygroup.net\/wp-content\/uploads\/2026\/03\/ALEXANDRE_SILVA-1-187x300.webp 187w, https:\/\/www.wygroup.net\/wp-content\/uploads\/2026\/03\/ALEXANDRE_SILVA-1-768x1229.webp 768w, https:\/\/www.wygroup.net\/wp-content\/uploads\/2026\/03\/ALEXANDRE_SILVA-1-960x1536.webp 960w, https:\/\/www.wygroup.net\/wp-content\/uploads\/2026\/03\/ALEXANDRE_SILVA-1-1280x2048.webp 1280w, https:\/\/www.wygroup.net\/wp-content\/uploads\/2026\/03\/ALEXANDRE_SILVA-1-scaled.webp 1600w\" sizes=\"auto, (max-width: 640px) 100vw, 640px\" \/><\/figure>\n\n\n\n<p class=\"has-text-align-center governance-title\">Alexandre Silva<\/p>\n\n\n\n<p class=\"has-text-align-center governance-sub-title\"><\/p>\n\n\n<div class=\"wp-block-image\">\n<figure class=\"aligncenter size-large\"><a href=\"https:\/\/www.linkedin.com\/in\/alexandr3\/\" target=\"_blank\" rel=\" noreferrer noopener\"><img loading=\"lazy\" decoding=\"async\" width=\"35\" height=\"35\" src=\"https:\/\/www.wygroup.net\/wp-content\/uploads\/2023\/04\/linkedin.svg\" alt=\"\" class=\"wp-image-1279\"\/><\/a><\/figure>\n<\/div>\n\n\n<p class=\"has-text-align-center governance-sub-title\">&nbsp;<\/p>\n<\/div>\n\n\n\n<div class=\"wp-block-column is-layout-flow wp-block-column-is-layout-flow\">\n<figure class=\"wp-block-image size-large governance-img\"><img data-dominant-color=\"7c7476\" data-has-transparency=\"false\" style=\"--dominant-color: #7c7476;\" decoding=\"async\" src=\"https:\/\/www.wygroup.net\/wp-content\/uploads\/2023\/04\/ANDRE_GIL_IMG_2031-edited-scaled-e1697032146796-668x1024.jpg\" alt=\"Andr\u00e9 Gil - Principal Partner at Bliss\" class=\"not-transparent wp-image-1299\"\/><\/figure>\n\n\n\n<p class=\"has-text-align-center governance-title\">Andr\u00e9 Gil<\/p>\n\n\n\n<p class=\"has-text-align-center governance-sub-title\"><\/p>\n\n\n<div class=\"wp-block-image\">\n<figure class=\"aligncenter size-large\"><a href=\"https:\/\/www.linkedin.com\/in\/andregilcv\/\" target=\"_blank\" rel=\" noreferrer noopener\"><img loading=\"lazy\" decoding=\"async\" width=\"35\" height=\"35\" src=\"https:\/\/www.wygroup.net\/wp-content\/uploads\/2023\/04\/linkedin.svg\" alt=\"\" class=\"wp-image-1279\"\/><\/a><\/figure>\n<\/div>\n\n\n<p class=\"has-text-align-center governance-sub-title\">&nbsp;<\/p>\n<\/div>\n\n\n\n<div class=\"wp-block-column is-layout-flow wp-block-column-is-layout-flow\">\n<figure class=\"wp-block-image size-full governance-img\"><img data-dominant-color=\"b09f91\" data-has-transparency=\"false\" loading=\"lazy\" decoding=\"async\" width=\"413\" height=\"660\" src=\"https:\/\/www.wygroup.net\/wp-content\/uploads\/2023\/04\/joaosantos-edited-jpeg.webp\" alt=\"Jo\u00e3o Santos - COO at WYgroup\" class=\"not-transparent wp-image-1320\" style=\"--dominant-color: #b09f91; aspect-ratio:0.6257749105387833\" srcset=\"https:\/\/www.wygroup.net\/wp-content\/uploads\/2023\/04\/joaosantos-edited-jpeg.webp 413w, https:\/\/www.wygroup.net\/wp-content\/uploads\/2023\/04\/joaosantos-edited-188x300.jpeg 188w\" sizes=\"auto, (max-width: 413px) 100vw, 413px\" \/><\/figure>\n\n\n\n<p class=\"has-text-align-center governance-title\">Jo\u00e3o Santos<\/p>\n\n\n\n<p class=\"has-text-align-center governance-sub-title\"><\/p>\n\n\n<div class=\"wp-block-image\">\n<figure class=\"aligncenter size-large\"><a href=\"https:\/\/www.linkedin.com\/in\/joaocasantos\/\" target=\"_blank\" rel=\" noreferrer noopener\"><img loading=\"lazy\" decoding=\"async\" width=\"35\" height=\"35\" src=\"https:\/\/www.wygroup.net\/wp-content\/uploads\/2023\/04\/linkedin.svg\" alt=\"\" class=\"wp-image-1279\"\/><\/a><\/figure>\n<\/div>\n\n\n<p class=\"has-text-align-center governance-sub-title\">&nbsp;<\/p>\n<\/div>\n<\/div>\n\n\n\n<div class=\"wp-block-columns is-layout-flex wp-container-core-columns-is-layout-9d6595d7 wp-block-columns-is-layout-flex\">\n<div class=\"wp-block-column is-layout-flow wp-block-column-is-layout-flow\">\n<figure class=\"wp-block-image size-large governance-img\"><img data-dominant-color=\"9e9c96\" data-has-transparency=\"false\" style=\"--dominant-color: #9e9c96;\" loading=\"lazy\" decoding=\"async\" width=\"668\" height=\"1024\" src=\"https:\/\/www.wygroup.net\/wp-content\/uploads\/2023\/04\/Pedro_Janela-edited-e1697032403627-668x1024.jpg\" alt=\"Pedro Janela - CEO at WYgroup\" class=\"not-transparent wp-image-1330\" srcset=\"https:\/\/www.wygroup.net\/wp-content\/uploads\/2023\/04\/Pedro_Janela-edited-e1697032403627-668x1024.jpg 668w, https:\/\/www.wygroup.net\/wp-content\/uploads\/2023\/04\/Pedro_Janela-edited-e1697032403627-196x300.jpg 196w, https:\/\/www.wygroup.net\/wp-content\/uploads\/2023\/04\/Pedro_Janela-edited-e1697032403627-768x1177.jpg 768w, https:\/\/www.wygroup.net\/wp-content\/uploads\/2023\/04\/Pedro_Janela-edited-e1697032403627-jpg.webp 800w\" sizes=\"auto, (max-width: 668px) 100vw, 668px\" \/><\/figure>\n\n\n\n<p class=\"has-text-align-center governance-title\">Pedro Janela<\/p>\n\n\n\n<p class=\"has-text-align-center governance-sub-title\"><\/p>\n\n\n<div class=\"wp-block-image\">\n<figure class=\"aligncenter size-large\"><a href=\"https:\/\/www.linkedin.com\/in\/pedrojanela?authType=NAME_SEARCH&amp;authToken=TEU5&amp;locale=en_US&amp;trk=tyah&amp;trkInfo=clickedVertical%3Amynetwork%2CclickedEntityId%3A988132%2CauthType%3ANAME_SEARCH%2Cidx%3A1-1-1%2CtarId%3A1485952677371%2Ctas%3Apedro%20jan\" target=\"_blank\" rel=\" noreferrer noopener\"><img loading=\"lazy\" decoding=\"async\" width=\"35\" height=\"35\" src=\"https:\/\/www.wygroup.net\/wp-content\/uploads\/2023\/04\/linkedin.svg\" alt=\"\" class=\"wp-image-1279\"\/><\/a><\/figure>\n<\/div><\/div>\n\n\n\n<div class=\"wp-block-column is-layout-flow wp-block-column-is-layout-flow\">\n<figure class=\"wp-block-image size-large governance-img\"><img data-dominant-color=\"938f8a\" data-has-transparency=\"false\" style=\"--dominant-color: #938f8a;\" decoding=\"async\" src=\"https:\/\/www.wygroup.net\/wp-content\/uploads\/2023\/04\/RITA_BALTAZAR-edited-scaled-e1697032321496-668x1024.jpg\" alt=\"Rita Baltazar - Principal Partner at WYcreative\" class=\"not-transparent wp-image-1334\"\/><\/figure>\n\n\n\n<p class=\"has-text-align-center governance-title\">Rita Baltazar<\/p>\n\n\n\n<p class=\"has-text-align-center governance-sub-title\"><\/p>\n\n\n<div class=\"wp-block-image\">\n<figure class=\"aligncenter size-large\"><a href=\"https:\/\/www.linkedin.com\/in\/ritabaltazar?authType=NAME_SEARCH&amp;authToken=ifEe&amp;locale=en_US&amp;trk=tyah&amp;trkInfo=clickedVertical%3Amynetwork%2CclickedEntityId%3A27976667%2CauthType%3ANAME_SEARCH%2Cidx%3A1-3-3%2CtarId%3A1485952693090%2Ctas%3Arita%20b\" target=\"_blank\" rel=\" noreferrer noopener\"><img loading=\"lazy\" decoding=\"async\" width=\"35\" height=\"35\" src=\"https:\/\/www.wygroup.net\/wp-content\/uploads\/2023\/04\/linkedin.svg\" alt=\"\" class=\"wp-image-1279\"\/><\/a><\/figure>\n<\/div><\/div>\n\n\n\n<div class=\"wp-block-column is-layout-flow wp-block-column-is-layout-flow\">\n<p><\/p>\n<\/div>\n<\/div>\n<\/div><\/div>\n<\/div><\/section>\n","protected":false},"excerpt":{"rendered":"<p>Transpar\u00eancia e responsabilidade O objetivo da governan\u00e7a corporativa do WYgroup \u00e9 promover uma gest\u00e3o positiva e eficaz, definindo e acompanhando a estrat\u00e9gia de atua\u00e7\u00e3o do grupo e assegurando a sua dire\u00e7\u00e3o. A promo\u00e7\u00e3o do nosso sucesso continuado, tem em conta os melhores interesses dos nossos acionistas e os requisitos da lei. A Comiss\u00e3o Executiva do [&hellip;]<\/p>\n","protected":false},"author":7,"featured_media":0,"parent":1114,"menu_order":0,"comment_status":"closed","ping_status":"closed","template":"","meta":{"inline_featured_image":false,"footnotes":""},"class_list":["post-1134","page","type-page","status-publish","hentry"],"_links":{"self":[{"href":"https:\/\/www.wygroup.net\/pt-pt\/wp-json\/wp\/v2\/pages\/1134","targetHints":{"allow":["GET"]}}],"collection":[{"href":"https:\/\/www.wygroup.net\/pt-pt\/wp-json\/wp\/v2\/pages"}],"about":[{"href":"https:\/\/www.wygroup.net\/pt-pt\/wp-json\/wp\/v2\/types\/page"}],"author":[{"embeddable":true,"href":"https:\/\/www.wygroup.net\/pt-pt\/wp-json\/wp\/v2\/users\/7"}],"replies":[{"embeddable":true,"href":"https:\/\/www.wygroup.net\/pt-pt\/wp-json\/wp\/v2\/comments?post=1134"}],"version-history":[{"count":13,"href":"https:\/\/www.wygroup.net\/pt-pt\/wp-json\/wp\/v2\/pages\/1134\/revisions"}],"predecessor-version":[{"id":7249,"href":"https:\/\/www.wygroup.net\/pt-pt\/wp-json\/wp\/v2\/pages\/1134\/revisions\/7249"}],"up":[{"embeddable":true,"href":"https:\/\/www.wygroup.net\/pt-pt\/wp-json\/wp\/v2\/pages\/1114"}],"wp:attachment":[{"href":"https:\/\/www.wygroup.net\/pt-pt\/wp-json\/wp\/v2\/media?parent=1134"}],"curies":[{"name":"wp","href":"https:\/\/api.w.org\/{rel}","templated":true}]}}