{"id":1129,"date":"2022-11-17T10:09:21","date_gmt":"2022-11-17T10:09:21","guid":{"rendered":"https:\/\/wygroup.psales.pt\/investidores\/"},"modified":"2025-09-11T10:49:20","modified_gmt":"2025-09-11T10:49:20","slug":"investidores","status":"publish","type":"page","link":"https:\/\/www.wygroup.net\/pt-pt\/sobre-nos\/investidores\/","title":{"rendered":"Desenvolvimento Corporativo"},"content":{"rendered":"\n\t<main class=\"main  main--internal main--investidores\">\n\t\t\n\t\t\n\t\t<div class=\"wrapper\">\n\n\t\t\t\t\t\t\t<h1>Desenvolvimento Corporativo<\/h1>\n\t\t\t\t\t\t\n\t\t<\/div>\n\n\t\t<a class=\"main__scroll\" href=\"#services\" title=\"V\u00ea todos os nossos servi\u00e7os\"><\/a>\n\n\t<\/main>\n\t\n\t\n\n\n<h1 class=\"wp-block-heading section__title section__title--left\" id=\"our-story\"><strong>Crescimento e Investimento&nbsp;<\/strong><\/h1>\n\n\n\n<p class=\"section__copy\">O WYgroup \u00e9 o maior ecossistema independente de marketing e experi\u00eancia do consumidor em Portugal, com 24 anos de crescimento sustentado, inova\u00e7\u00e3o e cria\u00e7\u00e3o de valor para clientes, talentos e parceiros.&nbsp;<\/p>\n\n\n\n<p class=\"section__copy\">Combinamos crescimento org\u00e2nico com uma abordagem empreendedora, atuando como parceiro de investimento em neg\u00f3cios inovadores nas \u00e1reas de Marketing, Comunica\u00e7\u00e3o e Tecnologia. Apoiamos pequenas e m\u00e9dias empresas, seja atrav\u00e9s de capital de arranque, seja por via de processos de fus\u00f5es e aquisi\u00e7\u00f5es que permitam a gera\u00e7\u00e3o de valor para todas as partes.<\/p>\n\n\n<div class=\"wp-block-image mobilePadding\">\n<figure class=\"aligncenter size-large is-resized\"><img data-dominant-color=\"f9efe2\" data-has-transparency=\"false\" loading=\"lazy\" decoding=\"async\" width=\"1024\" height=\"307\" src=\"https:\/\/www.wygroup.net\/wp-content\/uploads\/2025\/08\/Captura-de-ecra-2025-08-25-as-23.14.56-1024x307.png\" alt=\"\" class=\"not-transparent wp-image-6980\" style=\"--dominant-color: #f9efe2; width:727px;height:auto\" srcset=\"https:\/\/www.wygroup.net\/wp-content\/uploads\/2025\/08\/Captura-de-ecra-2025-08-25-as-23.14.56-1024x307.png 1024w, https:\/\/www.wygroup.net\/wp-content\/uploads\/2025\/08\/Captura-de-ecra-2025-08-25-as-23.14.56-300x90.png 300w, https:\/\/www.wygroup.net\/wp-content\/uploads\/2025\/08\/Captura-de-ecra-2025-08-25-as-23.14.56-768x231.png 768w, https:\/\/www.wygroup.net\/wp-content\/uploads\/2025\/08\/Captura-de-ecra-2025-08-25-as-23.14.56-1536x461.png 1536w, https:\/\/www.wygroup.net\/wp-content\/uploads\/2025\/08\/Captura-de-ecra-2025-08-25-as-23.14.56.png 1872w\" sizes=\"auto, (max-width: 1024px) 100vw, 1024px\" \/><\/figure>\n<\/div>\n\n\n<p><p><\/p><p class=\"section__copy\">Prevemos que, at\u00e9 ao final de 2025, iremos alcan\u00e7ar um volume de neg\u00f3cios de 27 milh\u00f5es de euros, com um crescimento de 3,8% YoY face a 2024, e uma margem de 19 milh\u00f5es, o que confirma a consist\u00eancia da nossa trajet\u00f3ria. Estes resultados refletem ainda a robustez da nossa estrat\u00e9gia e a nossa vontade de crescer de forma constante e sustentada em todos os segmentos em que operamos.<\/p>\n<p>&nbsp;<\/p><\/p>\n\n\n\n<h2 class=\"wp-block-heading section__title section__title--left\" id=\"our-story\">Empreendedorismo&nbsp;<\/h2>\n\n\n\n<p class=\"section__copy\">A consolida\u00e7\u00e3o do setor da comunica\u00e7\u00e3o, do branding, do marketing digital e da tecnologia, continua a ser uma oportunidade. Procuramos empreendedores e empresas que partilhem a nossa vis\u00e3o e que queiram crescer connosco, beneficiando da escala, conhecimento e da rede de neg\u00f3cios do WYgroup.<br><br>Se \u00e9s empreendedor ou gestor de uma empresa inovadora nas nossas \u00e1reas e procuras capital, acelera\u00e7\u00e3o ou integra\u00e7\u00e3o num grupo s\u00f3lido e em r\u00e1pido crescimento,&nbsp;<a href=\"https:\/\/www.wygroup.net\/pt-pt\/contactos\/?_gl=1*rzn82s*_up*MQ..*_ga*ODQwMTg3MDQwLjE3NTU3Nzg1MDY.*_ga_HC96PCEP67*czE3NTU3Nzg1MDUkbzEkZzAkdDE3NTU3Nzg1MDUkajYwJGwwJGgw\">fala connosco<\/a>.<\/p>\n\n\n\n<h2 class=\"wp-block-heading section__title section__title--left\" id=\"our-story\">Parceiros<\/h2>\n\n\n\n<p class=\"section__copy\">Sustentamos a nossa atividade numa governa\u00e7\u00e3o transparente e numa rede de parceiros financeiros, legais e estrat\u00e9gicos que nos permitem crescer com solidez, enquanto investimos em novas oportunidades.<\/p>\n\n\n\n<p class=\"section__copy\">Os nossos&nbsp;<strong>parceiros institucionais<\/strong>:<\/p>\n\n\n\n<ul class=\"wp-block-list section__copy\">\n<li>Auditores e&nbsp;Revisores Oficiais de Contas &#8211;&nbsp;<a href=\"https:\/\/mrg-sroc.com\/\" target=\"_blank\" rel=\"noreferrer noopener\">Roberto, Silva, Matos e Associados<\/a><\/li>\n\n\n\n<li>Assessoria Legal \u2013&nbsp;<a href=\"https:\/\/www.cca.law\/pt\/\" target=\"_blank\" rel=\"noreferrer noopener\">CCA Law<\/a>&nbsp;e&nbsp;<a href=\"https:\/\/www.acr-advogados.com\/gestao.htm\" target=\"_blank\" rel=\"noreferrer noopener\">ACR Advogados<\/a><\/li>\n\n\n\n<li>Contabilidade &amp; Fiscalidade &#8211;&nbsp;<a href=\"https:\/\/bko.pt\/\" target=\"_blank\" rel=\"noreferrer noopener\">BKO<\/a>&nbsp;<\/li>\n\n\n\n<li>Bancos e Institui\u00e7\u00f5es Financeiras &#8211; CGD; novobanco; Montepio<\/li>\n\n\n\n<li>Auditores de Certifica\u00e7\u00e3o ISO 27001 &#8211;\u00a0<a href=\"https:\/\/www.eic.pt\/\" target=\"_blank\" rel=\"noreferrer noopener\">EIC \u2013 Empresa internacional de Certifica\u00e7\u00e3o<\/a><\/li>\n\n\n\n<li>Environmental, Social, and Governance (ESG) &#8211;\u00a0<a href=\"https:\/\/grace.pt\/pt\" target=\"_blank\" rel=\"noreferrer noopener\"><strong>GRACE \u2013 Empresas Respons\u00e1veis<\/strong><\/a><\/li>\n<\/ul>\n\n\n\n<p class=\"section__copy\"><br>Trabalhamos com entidades de refer\u00eancia nas \u00e1reas de auditoria, assessoria legal, contabilidade e banca, assegurando uma governa\u00e7\u00e3o transparente e em conformidade com os mais elevados padr\u00f5es e regras.<\/p>\n\n\n\n<p><\/p>\n","protected":false},"excerpt":{"rendered":"<p>Crescimento e Investimento&nbsp; O WYgroup \u00e9 o maior ecossistema independente de marketing e experi\u00eancia do consumidor em Portugal, com 24 anos de crescimento sustentado, inova\u00e7\u00e3o e cria\u00e7\u00e3o de valor para clientes, talentos e parceiros.&nbsp; Combinamos crescimento org\u00e2nico com uma abordagem empreendedora, atuando como parceiro de investimento em neg\u00f3cios inovadores nas \u00e1reas de Marketing, Comunica\u00e7\u00e3o e [&hellip;]<\/p>\n","protected":false},"author":7,"featured_media":0,"parent":1114,"menu_order":0,"comment_status":"closed","ping_status":"closed","template":"","meta":{"inline_featured_image":false,"footnotes":""},"class_list":["post-1129","page","type-page","status-publish","hentry"],"_links":{"self":[{"href":"https:\/\/www.wygroup.net\/pt-pt\/wp-json\/wp\/v2\/pages\/1129","targetHints":{"allow":["GET"]}}],"collection":[{"href":"https:\/\/www.wygroup.net\/pt-pt\/wp-json\/wp\/v2\/pages"}],"about":[{"href":"https:\/\/www.wygroup.net\/pt-pt\/wp-json\/wp\/v2\/types\/page"}],"author":[{"embeddable":true,"href":"https:\/\/www.wygroup.net\/pt-pt\/wp-json\/wp\/v2\/users\/7"}],"replies":[{"embeddable":true,"href":"https:\/\/www.wygroup.net\/pt-pt\/wp-json\/wp\/v2\/comments?post=1129"}],"version-history":[{"count":36,"href":"https:\/\/www.wygroup.net\/pt-pt\/wp-json\/wp\/v2\/pages\/1129\/revisions"}],"predecessor-version":[{"id":7022,"href":"https:\/\/www.wygroup.net\/pt-pt\/wp-json\/wp\/v2\/pages\/1129\/revisions\/7022"}],"up":[{"embeddable":true,"href":"https:\/\/www.wygroup.net\/pt-pt\/wp-json\/wp\/v2\/pages\/1114"}],"wp:attachment":[{"href":"https:\/\/www.wygroup.net\/pt-pt\/wp-json\/wp\/v2\/media?parent=1129"}],"curies":[{"name":"wp","href":"https:\/\/api.w.org\/{rel}","templated":true}]}}