{"id":1122,"date":"2022-11-17T11:44:55","date_gmt":"2022-11-17T11:44:55","guid":{"rendered":"https:\/\/wygroup.psales.pt\/bliss-applications\/"},"modified":"2025-06-05T07:58:52","modified_gmt":"2025-06-05T07:58:52","slug":"bliss-applications","status":"publish","type":"page","link":"https:\/\/www.wygroup.net\/pt-pt\/crafts-os-nossos-servicos\/bliss-applications\/","title":{"rendered":"Bliss Applications"},"content":{"rendered":"\n\t<main class=\"main  main--internal main--bliss-applications\">\n\t\t\n\t\t\n\t\t<div class=\"wrapper\">\n\n\t\t\t\t\t\t\t<h1>Bliss Applications<\/h1>\n\t\t\t\t\t\t\n\t\t<\/div>\n\n\t\t<a class=\"main__scroll\" href=\"#services\" title=\"V\u00ea todos os nossos servi\u00e7os\"><\/a>\n\n\t<\/main>\n\t\n\t\n\n\n<section class=\"wp-block-group section section__about\"><div class=\"wp-block-group__inner-container is-layout-flow wp-block-group-is-layout-flow\"><div class=\"wp-block-image\">\n<figure class=\"aligncenter size-full is-resized\"><img loading=\"lazy\" decoding=\"async\" width=\"800\" height=\"394\" src=\"https:\/\/www.wygroup.net\/wp-content\/uploads\/2022\/11\/Bliss-Logo-Blacksemfundo.png\" alt=\"\" class=\"wp-image-827\" style=\"width:278px;height:137px\" srcset=\"https:\/\/www.wygroup.net\/wp-content\/uploads\/2022\/11\/Bliss-Logo-Blacksemfundo.png 800w, https:\/\/www.wygroup.net\/wp-content\/uploads\/2022\/11\/Bliss-Logo-Blacksemfundo-300x148.png 300w, https:\/\/www.wygroup.net\/wp-content\/uploads\/2022\/11\/Bliss-Logo-Blacksemfundo-768x378.png 768w\" sizes=\"auto, (max-width: 800px) 100vw, 800px\" \/><\/figure>\n<\/div>\n\n\n<p><\/p>\n\n\n\n<h2 class=\"wp-block-heading section__title section__title--left\" id=\"we-are-creative-but-data-comes-first-pleased-to-meet-you\"><br>Projetamos e desenvolvemos solu\u00e7\u00f5es que resolvem os problemas dos utilizadores.<\/h2>\n\n\n\n<p class=\"section__copy\">Fundada em Lisboa no final de 2009, a Bliss Applications \u00e9 uma empresa portuguesa l\u00edder no desenvolvimento de software centrado no design, com foco no desenvolvimento de produtos digitais.<\/p>\n\n\n\n<p class=\"section__copy\">Somos uma empresa de software, capaz de criar solu\u00e7\u00f5es, desde uma App a uma experi\u00eancia de AR\/VR. Temos experi\u00eancia na cria\u00e7\u00e3o de IoT e produtos wearable.<\/p>\n\n\n\n<p class=\"section__copy\">Com mais de 100 produtos digitais lan\u00e7ados na \u00faltima d\u00e9cada, somos uma equipa experiente de designers e engenheiros que trabalham em conjunto com cada cliente para melhorar a vida de cada pessoa que interage com cada uma das experi\u00eancias digitais que oferecemos.<\/p>\n\n\n\n<p class=\"section__copy\">O nosso processo de Design de Produto, inspirado em metodologias como Google Design Sprint e Design Thinking, \u00e9 facilitado por profissionais certificados e adaptado \u00e0s necessidades de cada cliente, sempre em estreita colabora\u00e7\u00e3o com a nossa incr\u00edvel equipa de engenharia, que garante que escolhamos a melhor abordagem t\u00e9cnica para entregar no prazo definido, dentro do or\u00e7amento e com grande qualidade.<\/p>\n\n\n\n<p class=\"section__copy\"><a href=\"http:\/\/www.blissapplications.com\/\" data-type=\"link\" data-id=\"http:\/\/www.blissapplications.com\/\" target=\"_blank\" rel=\"noopener\"><strong><mark style=\"background-color:rgba(0, 0, 0, 0)\" class=\"has-inline-color has-luminous-vivid-amber-color\">V\u00ca O NOSSO WEBSITE<\/mark><\/strong><\/a> <\/p>\n<\/div><\/section>\n\n\n\n<h2 class=\"wp-block-heading section__title section__title--left\" id=\"our-story\">O nosso Expertise<\/h2>\n\n\n\n<ul class=\"section__copy list_style_inside wp-block-list\">\n<li>Aplica\u00e7\u00f5es m\u00f3veis<\/li>\n\n\n\n<li>Estrat\u00e9gia e Design de Produto Digital<\/li>\n\n\n\n<li>Experi\u00eancia Digital do Consumidor <\/li>\n\n\n\n<li>eCommerce<\/li>\n<\/ul>\n\n\n\n<p class=\"section__copy\"><br><\/p>\n\n\n\n<figure class=\"wp-block-embed is-type-video is-provider-youtube wp-block-embed-youtube wp-embed-aspect-16-9 wp-has-aspect-ratio section__copy fullWidthYoutube\"><div class=\"wp-block-embed__wrapper\">\n<iframe loading=\"lazy\" title=\"Reel - Bliss Applications\" width=\"500\" height=\"281\" src=\"https:\/\/www.youtube.com\/embed\/iq3csdlbeLI?feature=oembed\" frameborder=\"0\" allow=\"accelerometer; autoplay; clipboard-write; encrypted-media; gyroscope; picture-in-picture; web-share\" referrerpolicy=\"strict-origin-when-cross-origin\" allowfullscreen><\/iframe>\n<\/div><\/figure>\n","protected":false},"excerpt":{"rendered":"<p>Projetamos e desenvolvemos solu\u00e7\u00f5es que resolvem os problemas dos utilizadores. Fundada em Lisboa no final de 2009, a Bliss Applications \u00e9 uma empresa portuguesa l\u00edder no desenvolvimento de software centrado no design, com foco no desenvolvimento de produtos digitais. Somos uma empresa de software, capaz de criar solu\u00e7\u00f5es, desde uma App a uma experi\u00eancia de [&hellip;]<\/p>\n","protected":false},"author":7,"featured_media":0,"parent":1153,"menu_order":0,"comment_status":"closed","ping_status":"closed","template":"","meta":{"inline_featured_image":false,"footnotes":""},"class_list":["post-1122","page","type-page","status-publish","hentry"],"_links":{"self":[{"href":"https:\/\/www.wygroup.net\/pt-pt\/wp-json\/wp\/v2\/pages\/1122","targetHints":{"allow":["GET"]}}],"collection":[{"href":"https:\/\/www.wygroup.net\/pt-pt\/wp-json\/wp\/v2\/pages"}],"about":[{"href":"https:\/\/www.wygroup.net\/pt-pt\/wp-json\/wp\/v2\/types\/page"}],"author":[{"embeddable":true,"href":"https:\/\/www.wygroup.net\/pt-pt\/wp-json\/wp\/v2\/users\/7"}],"replies":[{"embeddable":true,"href":"https:\/\/www.wygroup.net\/pt-pt\/wp-json\/wp\/v2\/comments?post=1122"}],"version-history":[{"count":10,"href":"https:\/\/www.wygroup.net\/pt-pt\/wp-json\/wp\/v2\/pages\/1122\/revisions"}],"predecessor-version":[{"id":6646,"href":"https:\/\/www.wygroup.net\/pt-pt\/wp-json\/wp\/v2\/pages\/1122\/revisions\/6646"}],"up":[{"embeddable":true,"href":"https:\/\/www.wygroup.net\/pt-pt\/wp-json\/wp\/v2\/pages\/1153"}],"wp:attachment":[{"href":"https:\/\/www.wygroup.net\/pt-pt\/wp-json\/wp\/v2\/media?parent=1122"}],"curies":[{"name":"wp","href":"https:\/\/api.w.org\/{rel}","templated":true}]}}